{"id":27328,"date":"2025-07-05T09:19:26","date_gmt":"2025-07-05T13:19:26","guid":{"rendered":"https:\/\/gretapearls.com\/en\/?post_type=product&#038;p=27328"},"modified":"2026-02-07T13:11:20","modified_gmt":"2026-02-07T18:11:20","slug":"8-hochwertige-keshi-perlen-10-mm-blutenblattform","status":"publish","type":"product","link":"https:\/\/gretapearls.com\/de\/shop\/8-10mm-high-quality-petal-keshi-pearls\/","title":{"rendered":"8-10 mm hochwertige Keshi-Perlen in Bl\u00fctenform"},"content":{"rendered":"","protected":false},"excerpt":{"rendered":"<p>Diese hochwertigen S\u00fc\u00dfwasser-Barockperlen zeichnen sich durch 8\u201310 mm gro\u00dfe, bl\u00fctenblattf\u00f6rmige Perlen in strahlendem Wei\u00df mit nat\u00fcrlicher Textur aus. Jede Perle ist mit 3\u20137 L\u00f6chern versehen und auf einem einzelnen Strang aufgef\u00e4delt. Ideal f\u00fcr Boho-Ketten, Armb\u00e4nder oder Ohrringe.<\/p>","protected":false},"featured_media":27323,"comment_status":"open","ping_status":"closed","template":"","meta":[],"product_brand":[],"product_cat":[55],"product_tag":[91,83,85],"class_list":{"0":"post-27328","1":"product","2":"type-product","3":"status-publish","4":"has-post-thumbnail","6":"product_cat-keshi-pearls-wholesale","7":"product_tag-full-drilled-pearls","8":"product_tag-large-freshwater-pearls-wholesale","9":"product_tag-bulk-string-pearls","10":"pa_color-white-pearls","11":"pa_shape-petal-pearls","13":"first","14":"instock","15":"taxable","16":"shipping-taxable","17":"purchasable","18":"product-type-simple"},"tiered_pricing_type":"fixed","tiered_pricing_fixed_rules":[],"tiered_pricing_product_settings":{"layout":"default","base_unit_name":{"singular":null,"plural":null},"default_variation":null},"tiered_pricing_minimum_quantity":null,"tiered_pricing_roles_data":[],"tiered_pricing_percentage_rules":[],"tiered_pricing_maximum_quantity":null,"tiered_pricing_quantity_step":null,"_links":{"self":[{"href":"https:\/\/gretapearls.com\/de\/wp-json\/wp\/v2\/product\/27328","targetHints":{"allow":["GET"]}}],"collection":[{"href":"https:\/\/gretapearls.com\/de\/wp-json\/wp\/v2\/product"}],"about":[{"href":"https:\/\/gretapearls.com\/de\/wp-json\/wp\/v2\/types\/product"}],"replies":[{"embeddable":true,"href":"https:\/\/gretapearls.com\/de\/wp-json\/wp\/v2\/comments?post=27328"}],"wp:featuredmedia":[{"embeddable":true,"href":"https:\/\/gretapearls.com\/de\/wp-json\/wp\/v2\/media\/27323"}],"wp:attachment":[{"href":"https:\/\/gretapearls.com\/de\/wp-json\/wp\/v2\/media?parent=27328"}],"wp:term":[{"taxonomy":"product_brand","embeddable":true,"href":"https:\/\/gretapearls.com\/de\/wp-json\/wp\/v2\/product_brand?post=27328"},{"taxonomy":"product_cat","embeddable":true,"href":"https:\/\/gretapearls.com\/de\/wp-json\/wp\/v2\/product_cat?post=27328"},{"taxonomy":"product_tag","embeddable":true,"href":"https:\/\/gretapearls.com\/de\/wp-json\/wp\/v2\/product_tag?post=27328"}],"curies":[{"name":"wp","href":"https:\/\/api.w.org\/{rel}","templated":true}]}}