{"id":27322,"date":"2025-07-05T09:18:56","date_gmt":"2025-07-05T13:18:56","guid":{"rendered":"https:\/\/gretapearls.com\/en\/?post_type=product&#038;p=27322"},"modified":"2026-02-07T13:11:13","modified_gmt":"2026-02-07T18:11:13","slug":"3-4-mm-grose-naturliche-flache-mini-suswasserperlen-mit-glanz","status":"publish","type":"product","link":"https:\/\/gretapearls.com\/de\/shop\/3-4mm-natural-flat-back-luster-mini-freshwater-pearls\/","title":{"rendered":"3-4 mm gro\u00dfe, nat\u00fcrliche, flache Mini-S\u00fc\u00dfwasserperlen mit Glanz"},"content":{"rendered":"","protected":false},"excerpt":{"rendered":"<p>Die Mini-Barock-S\u00fc\u00dfwasserperlen in Freiform messen 3,5\u20134 mm und zeichnen sich durch einen sanften Wei\u00dfton, beidseitigen nat\u00fcrlichen Glanz, dezente Oberfl\u00e4chenstrukturen und eine Mehrfachbohrung (3\u20137) aus. Sie eignen sich perfekt f\u00fcr die Anfertigung zarter Halsketten, Armb\u00e4nder oder minimalistischer Ohrringe.<\/p>","protected":false},"featured_media":27317,"comment_status":"open","ping_status":"closed","template":"","meta":[],"product_brand":[],"product_cat":[54,124],"product_tag":[90,81,85],"class_list":{"0":"post-27322","1":"product","2":"type-product","3":"status-publish","4":"has-post-thumbnail","6":"product_cat-freshwater-pearls-wholesale","7":"product_cat-irregular-pearls","8":"product_tag-side-drilled-pearls","9":"product_tag-small-freshwater-pearls-wholesale","10":"product_tag-bulk-string-pearls","11":"pa_color-white-pearls","12":"pa_shape-flat-back-pearls","14":"first","15":"instock","16":"taxable","17":"shipping-taxable","18":"purchasable","19":"product-type-simple"},"tiered_pricing_type":"fixed","tiered_pricing_fixed_rules":[],"tiered_pricing_product_settings":{"layout":"default","base_unit_name":{"singular":null,"plural":null},"default_variation":null},"tiered_pricing_minimum_quantity":null,"tiered_pricing_roles_data":[],"tiered_pricing_percentage_rules":[],"tiered_pricing_maximum_quantity":null,"tiered_pricing_quantity_step":null,"_links":{"self":[{"href":"https:\/\/gretapearls.com\/de\/wp-json\/wp\/v2\/product\/27322","targetHints":{"allow":["GET"]}}],"collection":[{"href":"https:\/\/gretapearls.com\/de\/wp-json\/wp\/v2\/product"}],"about":[{"href":"https:\/\/gretapearls.com\/de\/wp-json\/wp\/v2\/types\/product"}],"replies":[{"embeddable":true,"href":"https:\/\/gretapearls.com\/de\/wp-json\/wp\/v2\/comments?post=27322"}],"wp:featuredmedia":[{"embeddable":true,"href":"https:\/\/gretapearls.com\/de\/wp-json\/wp\/v2\/media\/27317"}],"wp:attachment":[{"href":"https:\/\/gretapearls.com\/de\/wp-json\/wp\/v2\/media?parent=27322"}],"wp:term":[{"taxonomy":"product_brand","embeddable":true,"href":"https:\/\/gretapearls.com\/de\/wp-json\/wp\/v2\/product_brand?post=27322"},{"taxonomy":"product_cat","embeddable":true,"href":"https:\/\/gretapearls.com\/de\/wp-json\/wp\/v2\/product_cat?post=27322"},{"taxonomy":"product_tag","embeddable":true,"href":"https:\/\/gretapearls.com\/de\/wp-json\/wp\/v2\/product_tag?post=27322"}],"curies":[{"name":"wp","href":"https:\/\/api.w.org\/{rel}","templated":true}]}}