{"id":27230,"date":"2025-07-05T09:13:46","date_gmt":"2025-07-05T13:13:46","guid":{"rendered":"https:\/\/gretapearls.com\/en\/?post_type=product&#038;p=27230"},"modified":"2026-04-27T20:17:20","modified_gmt":"2026-04-28T00:17:20","slug":"1-8-5-mm-hochwertige-suswasser-reisperlen","status":"publish","type":"product","link":"https:\/\/gretapearls.com\/de\/shop\/1-8-5mm-high-quality-rice-freshwater-pearls\/","title":{"rendered":"1,8\u20135 mm hochwertige S\u00fc\u00dfwasser-Reisperlen"},"content":{"rendered":"","protected":false},"excerpt":{"rendered":"<p>Hochwertige S\u00fc\u00dfwasser-Reiskornperlen mit einem Durchmesser von 1,8\u20135 mm, strahlend wei\u00dfem Glanz und glatter Oberfl\u00e4che mit dezenter nat\u00fcrlicher Textur. Die Perlen sind maschinell gebohrt und auf Str\u00e4ngen aufgef\u00e4delt. Sie eignen sich perfekt f\u00fcr minimalistische Halsketten, zarte Armb\u00e4nder oder mehrlagige Ohrringe in einem raffinierten, modernen Stil.<\/p>","protected":false},"featured_media":27224,"comment_status":"open","ping_status":"closed","template":"","meta":[],"product_brand":[],"product_cat":[54],"product_tag":[91,85],"class_list":{"0":"post-27230","1":"product","2":"type-product","3":"status-publish","4":"has-post-thumbnail","6":"product_cat-freshwater-pearls-wholesale","7":"product_tag-full-drilled-pearls","8":"product_tag-bulk-string-pearls","9":"pa_color-white-pearls","10":"pa_shape-rice-pearls","12":"first","13":"instock","14":"taxable","15":"shipping-taxable","16":"purchasable","17":"product-type-variable"},"tiered_pricing_type":"fixed","tiered_pricing_fixed_rules":[],"tiered_pricing_product_settings":{"layout":"default","base_unit_name":{"singular":null,"plural":null},"default_variation":null},"tiered_pricing_minimum_quantity":null,"tiered_pricing_roles_data":[],"tiered_pricing_percentage_rules":[],"tiered_pricing_maximum_quantity":null,"tiered_pricing_quantity_step":null,"_links":{"self":[{"href":"https:\/\/gretapearls.com\/de\/wp-json\/wp\/v2\/product\/27230","targetHints":{"allow":["GET"]}}],"collection":[{"href":"https:\/\/gretapearls.com\/de\/wp-json\/wp\/v2\/product"}],"about":[{"href":"https:\/\/gretapearls.com\/de\/wp-json\/wp\/v2\/types\/product"}],"replies":[{"embeddable":true,"href":"https:\/\/gretapearls.com\/de\/wp-json\/wp\/v2\/comments?post=27230"}],"wp:featuredmedia":[{"embeddable":true,"href":"https:\/\/gretapearls.com\/de\/wp-json\/wp\/v2\/media\/27224"}],"wp:attachment":[{"href":"https:\/\/gretapearls.com\/de\/wp-json\/wp\/v2\/media?parent=27230"}],"wp:term":[{"taxonomy":"product_brand","embeddable":true,"href":"https:\/\/gretapearls.com\/de\/wp-json\/wp\/v2\/product_brand?post=27230"},{"taxonomy":"product_cat","embeddable":true,"href":"https:\/\/gretapearls.com\/de\/wp-json\/wp\/v2\/product_cat?post=27230"},{"taxonomy":"product_tag","embeddable":true,"href":"https:\/\/gretapearls.com\/de\/wp-json\/wp\/v2\/product_tag?post=27230"}],"curies":[{"name":"wp","href":"https:\/\/api.w.org\/{rel}","templated":true}]}}