{"id":27209,"date":"2025-07-05T09:12:41","date_gmt":"2025-07-05T13:12:41","guid":{"rendered":"https:\/\/gretapearls.com\/en\/?post_type=product&#038;p=27209"},"modified":"2026-04-22T19:47:38","modified_gmt":"2026-04-22T23:47:38","slug":"11-15-mm-grose-herzformige-suswasserperlen-im-barockstil","status":"publish","type":"product","link":"https:\/\/gretapearls.com\/de\/shop\/11-15mm-heart-baroque-freshwater-pearls\/","title":{"rendered":"11-15 mm Herzf\u00f6rmige Barock-S\u00fc\u00dfwasserperlen"},"content":{"rendered":"","protected":false},"excerpt":{"rendered":"<p>Herzf\u00f6rmige Barock-S\u00fc\u00dfwasserperlen mit unregelm\u00e4\u00dfigen Konturen, wei\u00dfem Grund mit zartrosa Schimmer, leuchtendem Regenbogenglanz und nat\u00fcrlicher Oberfl\u00e4chenstruktur werden als ungebohrte, lose Perlen verkauft. Sie eignen sich ideal zum Selbermachen von Halsketten, Armb\u00e4ndern oder Ohrringen und verleihen jedem Design einen romantischen Boho-Chic-Akzent.<\/p>","protected":false},"featured_media":27203,"comment_status":"open","ping_status":"closed","template":"","meta":[],"product_brand":[],"product_cat":[124],"product_tag":[84,86,88],"class_list":{"0":"post-27209","1":"product","2":"type-product","3":"status-publish","4":"has-post-thumbnail","6":"product_cat-irregular-pearls","7":"product_tag-giant-pearls-whoelsale","8":"product_tag-loose-freshwater-pearls-wholesale","9":"product_tag-no-hole-pearls-bulk","10":"pa_color-white-pearls","11":"pa_shape-heart-pearls","13":"first","14":"instock","15":"taxable","16":"shipping-taxable","17":"purchasable","18":"product-type-variable"},"tiered_pricing_type":"fixed","tiered_pricing_fixed_rules":[],"tiered_pricing_product_settings":{"layout":"default","base_unit_name":{"singular":null,"plural":null},"default_variation":null},"tiered_pricing_minimum_quantity":10,"tiered_pricing_roles_data":[],"tiered_pricing_percentage_rules":[],"tiered_pricing_maximum_quantity":null,"tiered_pricing_quantity_step":null,"_links":{"self":[{"href":"https:\/\/gretapearls.com\/de\/wp-json\/wp\/v2\/product\/27209","targetHints":{"allow":["GET"]}}],"collection":[{"href":"https:\/\/gretapearls.com\/de\/wp-json\/wp\/v2\/product"}],"about":[{"href":"https:\/\/gretapearls.com\/de\/wp-json\/wp\/v2\/types\/product"}],"replies":[{"embeddable":true,"href":"https:\/\/gretapearls.com\/de\/wp-json\/wp\/v2\/comments?post=27209"}],"wp:featuredmedia":[{"embeddable":true,"href":"https:\/\/gretapearls.com\/de\/wp-json\/wp\/v2\/media\/27203"}],"wp:attachment":[{"href":"https:\/\/gretapearls.com\/de\/wp-json\/wp\/v2\/media?parent=27209"}],"wp:term":[{"taxonomy":"product_brand","embeddable":true,"href":"https:\/\/gretapearls.com\/de\/wp-json\/wp\/v2\/product_brand?post=27209"},{"taxonomy":"product_cat","embeddable":true,"href":"https:\/\/gretapearls.com\/de\/wp-json\/wp\/v2\/product_cat?post=27209"},{"taxonomy":"product_tag","embeddable":true,"href":"https:\/\/gretapearls.com\/de\/wp-json\/wp\/v2\/product_tag?post=27209"}],"curies":[{"name":"wp","href":"https:\/\/api.w.org\/{rel}","templated":true}]}}