{"id":27168,"date":"2025-07-05T09:11:08","date_gmt":"2025-07-05T13:11:08","guid":{"rendered":"https:\/\/gretapearls.com\/en\/?post_type=product&#038;p=27168"},"modified":"2026-02-19T08:11:52","modified_gmt":"2026-02-19T13:11:52","slug":"5-kleine-9-mm-grose-frei-geformte-keshi-blutenblatt-suswasserperlen","status":"publish","type":"product","link":"https:\/\/gretapearls.com\/de\/shop\/5-9mm-small-free-form-keshi-petal-freshwater-pearls\/","title":{"rendered":"5-9 mm kleine, freigeformte Keshi-S\u00fc\u00dfwasserperlen mit Bl\u00fctenblattmuster"},"content":{"rendered":"","protected":false},"excerpt":{"rendered":"<p>Nat\u00fcrliche S\u00fc\u00dfwasserperlensplitter in kleinen Bl\u00fctenblattform mit silbrig-wei\u00dfem Farbton, sanftem Glanz und nat\u00fcrlicher Textur. Ideal f\u00fcr Boho-Ketten, mehrlagige Armb\u00e4nder oder zarte Ohrringe.<\/p>","protected":false},"featured_media":27161,"comment_status":"open","ping_status":"closed","template":"","meta":[],"product_brand":[],"product_cat":[124,55],"product_tag":[91,86,81],"class_list":{"0":"post-27168","1":"product","2":"type-product","3":"status-publish","4":"has-post-thumbnail","6":"product_cat-irregular-pearls","7":"product_cat-keshi-pearls-wholesale","8":"product_tag-full-drilled-pearls","9":"product_tag-loose-freshwater-pearls-wholesale","10":"product_tag-small-freshwater-pearls-wholesale","11":"pa_color-white-pearls","12":"pa_shape-petal-pearls","14":"first","15":"instock","16":"taxable","17":"shipping-taxable","18":"purchasable","19":"product-type-variable"},"tiered_pricing_type":"fixed","tiered_pricing_fixed_rules":[],"tiered_pricing_product_settings":{"layout":"default","base_unit_name":{"singular":null,"plural":null},"default_variation":null},"tiered_pricing_minimum_quantity":null,"tiered_pricing_roles_data":[],"tiered_pricing_percentage_rules":[],"tiered_pricing_maximum_quantity":null,"tiered_pricing_quantity_step":null,"_links":{"self":[{"href":"https:\/\/gretapearls.com\/de\/wp-json\/wp\/v2\/product\/27168","targetHints":{"allow":["GET"]}}],"collection":[{"href":"https:\/\/gretapearls.com\/de\/wp-json\/wp\/v2\/product"}],"about":[{"href":"https:\/\/gretapearls.com\/de\/wp-json\/wp\/v2\/types\/product"}],"replies":[{"embeddable":true,"href":"https:\/\/gretapearls.com\/de\/wp-json\/wp\/v2\/comments?post=27168"}],"wp:featuredmedia":[{"embeddable":true,"href":"https:\/\/gretapearls.com\/de\/wp-json\/wp\/v2\/media\/27161"}],"wp:attachment":[{"href":"https:\/\/gretapearls.com\/de\/wp-json\/wp\/v2\/media?parent=27168"}],"wp:term":[{"taxonomy":"product_brand","embeddable":true,"href":"https:\/\/gretapearls.com\/de\/wp-json\/wp\/v2\/product_brand?post=27168"},{"taxonomy":"product_cat","embeddable":true,"href":"https:\/\/gretapearls.com\/de\/wp-json\/wp\/v2\/product_cat?post=27168"},{"taxonomy":"product_tag","embeddable":true,"href":"https:\/\/gretapearls.com\/de\/wp-json\/wp\/v2\/product_tag?post=27168"}],"curies":[{"name":"wp","href":"https:\/\/api.w.org\/{rel}","templated":true}]}}