{"id":27107,"date":"2025-07-05T09:07:52","date_gmt":"2025-07-05T13:07:52","guid":{"rendered":"https:\/\/gretapearls.com\/en\/?post_type=product&#038;p=27107"},"modified":"2026-02-19T08:08:43","modified_gmt":"2026-02-19T13:08:43","slug":"2-5-mm-grose-naturliche-suswasserperlen-aus-wildreis","status":"publish","type":"product","link":"https:\/\/gretapearls.com\/de\/shop\/2-5mm-wild-natural-rice-freshwater-pearls\/","title":{"rendered":"2-5 mm gro\u00dfe, nat\u00fcrliche S\u00fc\u00dfwasserperlen aus Wildreis"},"content":{"rendered":"","protected":false},"excerpt":{"rendered":"<p>Wilde, kernlose S\u00fc\u00dfwasser-Barockperlen in Reiskornform bestechen durch ihren cremewei\u00dfen Farbton, ihren sanften, irisierenden Glanz und ihre nat\u00fcrliche Oberfl\u00e4chenstruktur. Jede einzelne Perle wird durchbohrt und zu zarten Str\u00e4ngen aufgef\u00e4delt, was einen organischen, vielseitigen Look ergibt. Ideal f\u00fcr minimalistische Halsketten, Armb\u00e4nder im Boho-Stil oder elegante Ohrh\u00e4nger.<\/p>","protected":false},"featured_media":27102,"comment_status":"open","ping_status":"closed","template":"","meta":[],"product_brand":[],"product_cat":[55],"product_tag":[91,81,85],"class_list":{"0":"post-27107","1":"product","2":"type-product","3":"status-publish","4":"has-post-thumbnail","6":"product_cat-keshi-pearls-wholesale","7":"product_tag-full-drilled-pearls","8":"product_tag-small-freshwater-pearls-wholesale","9":"product_tag-bulk-string-pearls","10":"pa_color-white-pearls","11":"pa_shape-rice-pearls","13":"first","14":"instock","15":"taxable","16":"shipping-taxable","17":"purchasable","18":"product-type-variable"},"tiered_pricing_type":"fixed","tiered_pricing_fixed_rules":[],"tiered_pricing_product_settings":{"layout":"default","base_unit_name":{"singular":null,"plural":null},"default_variation":null},"tiered_pricing_minimum_quantity":null,"tiered_pricing_roles_data":[],"tiered_pricing_percentage_rules":[],"tiered_pricing_maximum_quantity":null,"tiered_pricing_quantity_step":null,"_links":{"self":[{"href":"https:\/\/gretapearls.com\/de\/wp-json\/wp\/v2\/product\/27107","targetHints":{"allow":["GET"]}}],"collection":[{"href":"https:\/\/gretapearls.com\/de\/wp-json\/wp\/v2\/product"}],"about":[{"href":"https:\/\/gretapearls.com\/de\/wp-json\/wp\/v2\/types\/product"}],"replies":[{"embeddable":true,"href":"https:\/\/gretapearls.com\/de\/wp-json\/wp\/v2\/comments?post=27107"}],"wp:featuredmedia":[{"embeddable":true,"href":"https:\/\/gretapearls.com\/de\/wp-json\/wp\/v2\/media\/27102"}],"wp:attachment":[{"href":"https:\/\/gretapearls.com\/de\/wp-json\/wp\/v2\/media?parent=27107"}],"wp:term":[{"taxonomy":"product_brand","embeddable":true,"href":"https:\/\/gretapearls.com\/de\/wp-json\/wp\/v2\/product_brand?post=27107"},{"taxonomy":"product_cat","embeddable":true,"href":"https:\/\/gretapearls.com\/de\/wp-json\/wp\/v2\/product_cat?post=27107"},{"taxonomy":"product_tag","embeddable":true,"href":"https:\/\/gretapearls.com\/de\/wp-json\/wp\/v2\/product_tag?post=27107"}],"curies":[{"name":"wp","href":"https:\/\/api.w.org\/{rel}","templated":true}]}}