{"id":26913,"date":"2025-07-05T08:56:28","date_gmt":"2025-07-05T12:56:28","guid":{"rendered":"https:\/\/gretapearls.com\/en\/?post_type=product&#038;p=26913"},"modified":"2026-02-07T12:58:55","modified_gmt":"2026-02-07T17:58:55","slug":"9-runde-edison-suswasserperlen-11-mm-durchmesser-abgestufte-grose","status":"publish","type":"product","link":"https:\/\/gretapearls.com\/de\/shop\/9-11mm-round-graduated-size-edison-freshwater-pearls\/","title":{"rendered":"9-11 mm runde Edison-S\u00fc\u00dfwasserperlen in abgestufter Gr\u00f6\u00dfe"},"content":{"rendered":"","protected":false},"excerpt":{"rendered":"<p>Diese 10\u201311 mm gro\u00dfen Edison-S\u00fc\u00dfwasserperlen bestechen durch ihr cremewei\u00dfes Aussehen mit einem dezenten Rosaton und spiegelndem Glanz in einer nahezu runden Barockform. Sie werden als Strang verkauft. Jede Perle ist mittig gebohrt und weist nat\u00fcrliche Oberfl\u00e4chenstrukturen oder kleine Vertiefungen auf. Ideal f\u00fcr die Anfertigung eleganter Halsketten oder ausdrucksstarker Armb\u00e4nder in modernen und klassischen Stilen.<\/p>","protected":false},"featured_media":26906,"comment_status":"open","ping_status":"closed","template":"","meta":[],"product_brand":[],"product_cat":[57],"product_tag":[91,83,85],"class_list":{"0":"post-26913","1":"product","2":"type-product","3":"status-publish","4":"has-post-thumbnail","6":"product_cat-edison-pearls-wholesale","7":"product_tag-full-drilled-pearls","8":"product_tag-large-freshwater-pearls-wholesale","9":"product_tag-bulk-string-pearls","10":"pa_color-white-pearls","11":"pa_shape-round-pearls","13":"first","14":"instock","15":"taxable","16":"shipping-taxable","17":"purchasable","18":"product-type-simple"},"tiered_pricing_type":"fixed","tiered_pricing_fixed_rules":[],"tiered_pricing_product_settings":{"layout":"default","base_unit_name":{"singular":null,"plural":null},"default_variation":null},"tiered_pricing_minimum_quantity":null,"tiered_pricing_roles_data":[],"tiered_pricing_percentage_rules":[],"tiered_pricing_maximum_quantity":null,"tiered_pricing_quantity_step":null,"_links":{"self":[{"href":"https:\/\/gretapearls.com\/de\/wp-json\/wp\/v2\/product\/26913","targetHints":{"allow":["GET"]}}],"collection":[{"href":"https:\/\/gretapearls.com\/de\/wp-json\/wp\/v2\/product"}],"about":[{"href":"https:\/\/gretapearls.com\/de\/wp-json\/wp\/v2\/types\/product"}],"replies":[{"embeddable":true,"href":"https:\/\/gretapearls.com\/de\/wp-json\/wp\/v2\/comments?post=26913"}],"wp:featuredmedia":[{"embeddable":true,"href":"https:\/\/gretapearls.com\/de\/wp-json\/wp\/v2\/media\/26906"}],"wp:attachment":[{"href":"https:\/\/gretapearls.com\/de\/wp-json\/wp\/v2\/media?parent=26913"}],"wp:term":[{"taxonomy":"product_brand","embeddable":true,"href":"https:\/\/gretapearls.com\/de\/wp-json\/wp\/v2\/product_brand?post=26913"},{"taxonomy":"product_cat","embeddable":true,"href":"https:\/\/gretapearls.com\/de\/wp-json\/wp\/v2\/product_cat?post=26913"},{"taxonomy":"product_tag","embeddable":true,"href":"https:\/\/gretapearls.com\/de\/wp-json\/wp\/v2\/product_tag?post=26913"}],"curies":[{"name":"wp","href":"https:\/\/api.w.org\/{rel}","templated":true}]}}