{"id":26849,"date":"2025-07-05T08:50:53","date_gmt":"2025-07-05T12:50:53","guid":{"rendered":"https:\/\/gretapearls.com\/en\/?post_type=product&#038;p=26849"},"modified":"2026-02-07T12:57:44","modified_gmt":"2026-02-07T17:57:44","slug":"7-8-mm-grose-naturliche-ovale-suswasserperlen","status":"publish","type":"product","link":"https:\/\/gretapearls.com\/de\/shop\/7-8mm-natural-oval-freshwater-pearls\/","title":{"rendered":"7-8 mm nat\u00fcrliche ovale S\u00fc\u00dfwasserperlen"},"content":{"rendered":"","protected":false},"excerpt":{"rendered":"<p>Nat\u00fcrliche S\u00fc\u00dfwasserperlen mit einem Durchmesser von 7\u20138 mm, nahezu runder Eiform und vorgebohrten L\u00f6chern zum einfachen Auff\u00e4deln, bestechen durch strahlend wei\u00dfen Glanz und glatte Oberfl\u00e4chen; erh\u00e4ltlich als DIY-Schmuckmaterial. Ideal zum Anfertigen eleganter Halsketten, Armb\u00e4nder oder zarter Ohrringe f\u00fcr M\u00fctter.<\/p>","protected":false},"featured_media":26843,"comment_status":"open","ping_status":"closed","template":"","meta":[],"product_brand":[],"product_cat":[54],"product_tag":[82,90,85],"class_list":{"0":"post-26849","1":"product","2":"type-product","3":"status-publish","4":"has-post-thumbnail","6":"product_cat-freshwater-pearls-wholesale","7":"product_tag-medium-freshwater-pearls-wholesale","8":"product_tag-side-drilled-pearls","9":"product_tag-bulk-string-pearls","10":"pa_color-white-pearls","11":"pa_shape-oval-pearls","13":"first","14":"instock","15":"taxable","16":"shipping-taxable","17":"purchasable","18":"product-type-simple"},"tiered_pricing_type":"fixed","tiered_pricing_fixed_rules":[],"tiered_pricing_product_settings":{"layout":"default","base_unit_name":{"singular":null,"plural":null},"default_variation":null},"tiered_pricing_minimum_quantity":null,"tiered_pricing_roles_data":[],"tiered_pricing_percentage_rules":[],"tiered_pricing_maximum_quantity":null,"tiered_pricing_quantity_step":null,"_links":{"self":[{"href":"https:\/\/gretapearls.com\/de\/wp-json\/wp\/v2\/product\/26849","targetHints":{"allow":["GET"]}}],"collection":[{"href":"https:\/\/gretapearls.com\/de\/wp-json\/wp\/v2\/product"}],"about":[{"href":"https:\/\/gretapearls.com\/de\/wp-json\/wp\/v2\/types\/product"}],"replies":[{"embeddable":true,"href":"https:\/\/gretapearls.com\/de\/wp-json\/wp\/v2\/comments?post=26849"}],"wp:featuredmedia":[{"embeddable":true,"href":"https:\/\/gretapearls.com\/de\/wp-json\/wp\/v2\/media\/26843"}],"wp:attachment":[{"href":"https:\/\/gretapearls.com\/de\/wp-json\/wp\/v2\/media?parent=26849"}],"wp:term":[{"taxonomy":"product_brand","embeddable":true,"href":"https:\/\/gretapearls.com\/de\/wp-json\/wp\/v2\/product_brand?post=26849"},{"taxonomy":"product_cat","embeddable":true,"href":"https:\/\/gretapearls.com\/de\/wp-json\/wp\/v2\/product_cat?post=26849"},{"taxonomy":"product_tag","embeddable":true,"href":"https:\/\/gretapearls.com\/de\/wp-json\/wp\/v2\/product_tag?post=26849"}],"curies":[{"name":"wp","href":"https:\/\/api.w.org\/{rel}","templated":true}]}}