{"id":26835,"date":"2025-07-05T08:49:37","date_gmt":"2025-07-05T12:49:37","guid":{"rendered":"https:\/\/gretapearls.com\/en\/?post_type=product&#038;p=26835"},"modified":"2026-02-07T12:57:11","modified_gmt":"2026-02-07T17:57:11","slug":"7-mm-grose-hochwertige-freigeformte-suswasser-keshi-perlen","status":"publish","type":"product","link":"https:\/\/gretapearls.com\/de\/shop\/7mm-high-quality-free-form-freshwater-keshi-pearls\/","title":{"rendered":"7 mm hochwertige, freigeformte S\u00fc\u00dfwasser-Keshi-Perlen"},"content":{"rendered":"","protected":false},"excerpt":{"rendered":"<p>Hochwertige, freigeformte S\u00fc\u00dfwasserperlen im Barockstil an einer Kette aus zierlichen, silberwei\u00dfen Perlen mit leuchtend irisierendem Glanz. Jede Perle ist mittig gebohrt und hat eine nat\u00fcrliche Oberfl\u00e4chenstruktur. Verkauf pro Kette. Perfekt f\u00fcr Boho-Chic-Ketten oder Schmuckst\u00fccke aus verschiedenen Materialien.<\/p>","protected":false},"featured_media":26829,"comment_status":"open","ping_status":"closed","template":"","meta":[],"product_brand":[],"product_cat":[54,124],"product_tag":[82,90,85],"class_list":{"0":"post-26835","1":"product","2":"type-product","3":"status-publish","4":"has-post-thumbnail","6":"product_cat-freshwater-pearls-wholesale","7":"product_cat-irregular-pearls","8":"product_tag-medium-freshwater-pearls-wholesale","9":"product_tag-side-drilled-pearls","10":"product_tag-bulk-string-pearls","11":"pa_color-white-pearls","12":"pa_shape-freeform-pearls","14":"first","15":"instock","16":"taxable","17":"shipping-taxable","18":"purchasable","19":"product-type-simple"},"tiered_pricing_type":"fixed","tiered_pricing_fixed_rules":[],"tiered_pricing_product_settings":{"layout":"default","base_unit_name":{"singular":null,"plural":null},"default_variation":null},"tiered_pricing_minimum_quantity":null,"tiered_pricing_roles_data":[],"tiered_pricing_percentage_rules":[],"tiered_pricing_maximum_quantity":null,"tiered_pricing_quantity_step":null,"_links":{"self":[{"href":"https:\/\/gretapearls.com\/de\/wp-json\/wp\/v2\/product\/26835","targetHints":{"allow":["GET"]}}],"collection":[{"href":"https:\/\/gretapearls.com\/de\/wp-json\/wp\/v2\/product"}],"about":[{"href":"https:\/\/gretapearls.com\/de\/wp-json\/wp\/v2\/types\/product"}],"replies":[{"embeddable":true,"href":"https:\/\/gretapearls.com\/de\/wp-json\/wp\/v2\/comments?post=26835"}],"wp:featuredmedia":[{"embeddable":true,"href":"https:\/\/gretapearls.com\/de\/wp-json\/wp\/v2\/media\/26829"}],"wp:attachment":[{"href":"https:\/\/gretapearls.com\/de\/wp-json\/wp\/v2\/media?parent=26835"}],"wp:term":[{"taxonomy":"product_brand","embeddable":true,"href":"https:\/\/gretapearls.com\/de\/wp-json\/wp\/v2\/product_brand?post=26835"},{"taxonomy":"product_cat","embeddable":true,"href":"https:\/\/gretapearls.com\/de\/wp-json\/wp\/v2\/product_cat?post=26835"},{"taxonomy":"product_tag","embeddable":true,"href":"https:\/\/gretapearls.com\/de\/wp-json\/wp\/v2\/product_tag?post=26835"}],"curies":[{"name":"wp","href":"https:\/\/api.w.org\/{rel}","templated":true}]}}