{"id":26794,"date":"2025-07-05T08:46:01","date_gmt":"2025-07-05T12:46:01","guid":{"rendered":"https:\/\/gretapearls.com\/en\/?post_type=product&#038;p=26794"},"modified":"2026-02-07T12:54:31","modified_gmt":"2026-02-07T17:54:31","slug":"7-8-mm-grose-naturliche-ovale-suswasserperlen-in-premiumqualitat-mit-leichten-makeln","status":"publish","type":"product","link":"https:\/\/gretapearls.com\/de\/shop\/7-8mm-natural-premium-slight-blemish-oval-freshwater-pearls\/","title":{"rendered":"7-8 mm nat\u00fcrliche Premium-S\u00fc\u00dfwasserperlen mit leichten Makeln, oval"},"content":{"rendered":"","protected":false},"excerpt":{"rendered":"<p>Diese S\u00fc\u00dfwasserperlenkette besteht aus ovalen (eif\u00f6rmigen) Perlen von 7\u20138 mm Durchmesser in einem sanften Wei\u00df mit zartem Glanz und leichten nat\u00fcrlichen Unregelm\u00e4\u00dfigkeiten. Jede Perle ist durchbohrt und wird als komplette Kette verkauft. Ideal als zeitlose Halskette f\u00fcr M\u00fctter oder als eleganter Alltagsschmuck.<\/p>","protected":false},"featured_media":26788,"comment_status":"open","ping_status":"closed","template":"","meta":[],"product_brand":[],"product_cat":[54],"product_tag":[91,82,85],"class_list":{"0":"post-26794","1":"product","2":"type-product","3":"status-publish","4":"has-post-thumbnail","6":"product_cat-freshwater-pearls-wholesale","7":"product_tag-full-drilled-pearls","8":"product_tag-medium-freshwater-pearls-wholesale","9":"product_tag-bulk-string-pearls","10":"pa_color-white-pearls","11":"pa_shape-oval-pearls","13":"first","14":"instock","15":"taxable","16":"shipping-taxable","17":"purchasable","18":"product-type-simple"},"tiered_pricing_type":"fixed","tiered_pricing_fixed_rules":[],"tiered_pricing_product_settings":{"layout":"default","base_unit_name":{"singular":null,"plural":null},"default_variation":null},"tiered_pricing_minimum_quantity":null,"tiered_pricing_roles_data":[],"tiered_pricing_percentage_rules":[],"tiered_pricing_maximum_quantity":null,"tiered_pricing_quantity_step":null,"_links":{"self":[{"href":"https:\/\/gretapearls.com\/de\/wp-json\/wp\/v2\/product\/26794","targetHints":{"allow":["GET"]}}],"collection":[{"href":"https:\/\/gretapearls.com\/de\/wp-json\/wp\/v2\/product"}],"about":[{"href":"https:\/\/gretapearls.com\/de\/wp-json\/wp\/v2\/types\/product"}],"replies":[{"embeddable":true,"href":"https:\/\/gretapearls.com\/de\/wp-json\/wp\/v2\/comments?post=26794"}],"wp:featuredmedia":[{"embeddable":true,"href":"https:\/\/gretapearls.com\/de\/wp-json\/wp\/v2\/media\/26788"}],"wp:attachment":[{"href":"https:\/\/gretapearls.com\/de\/wp-json\/wp\/v2\/media?parent=26794"}],"wp:term":[{"taxonomy":"product_brand","embeddable":true,"href":"https:\/\/gretapearls.com\/de\/wp-json\/wp\/v2\/product_brand?post=26794"},{"taxonomy":"product_cat","embeddable":true,"href":"https:\/\/gretapearls.com\/de\/wp-json\/wp\/v2\/product_cat?post=26794"},{"taxonomy":"product_tag","embeddable":true,"href":"https:\/\/gretapearls.com\/de\/wp-json\/wp\/v2\/product_tag?post=26794"}],"curies":[{"name":"wp","href":"https:\/\/api.w.org\/{rel}","templated":true}]}}