{"id":26753,"date":"2025-07-05T08:43:03","date_gmt":"2025-07-05T12:43:03","guid":{"rendered":"https:\/\/gretapearls.com\/en\/?post_type=product&#038;p=26753"},"modified":"2026-02-07T12:53:26","modified_gmt":"2026-02-07T17:53:26","slug":"45-mm-grose-naturliche-hochglanzende-runde-mini-suswasserperlen","status":"publish","type":"product","link":"https:\/\/gretapearls.com\/de\/shop\/4-5mm-natural-high-luster-round-mini-freshwater-pearls\/","title":{"rendered":"4-5 mm nat\u00fcrliche, hochgl\u00e4nzende, runde Mini-S\u00fc\u00dfwasserperlen"},"content":{"rendered":"","protected":false},"excerpt":{"rendered":"<p>Diese nat\u00fcrlichen S\u00fc\u00dfwasserperlen haben einen Durchmesser von 4\u20135 mm, sind nahezu rund, von makellosem Wei\u00df und bestechen durch ihren au\u00dfergew\u00f6hnlichen Glanz. Ihre glatte Oberfl\u00e4che weist nur minimale Unreinheiten auf. Sie eignen sich ideal f\u00fcr die Anfertigung zarter Ohrstecker, feiner Halsketten oder eleganter Armb\u00e4nder, die jedem Outfit zeitlose Eleganz verleihen.<\/p>","protected":false},"featured_media":26749,"comment_status":"open","ping_status":"closed","template":"","meta":[],"product_brand":[],"product_cat":[54],"product_tag":[89],"class_list":{"0":"post-26753","1":"product","2":"type-product","3":"status-publish","4":"has-post-thumbnail","6":"product_cat-freshwater-pearls-wholesale","7":"product_tag-half-drilled-pearls","8":"pa_color-white-pearls","9":"pa_shape-round-pearls","11":"first","12":"instock","13":"taxable","14":"shipping-taxable","15":"purchasable","16":"product-type-simple"},"tiered_pricing_type":"percentage","tiered_pricing_fixed_rules":[],"tiered_pricing_product_settings":{"layout":"default","base_unit_name":{"singular":null,"plural":null},"default_variation":null},"tiered_pricing_minimum_quantity":10,"tiered_pricing_roles_data":[],"tiered_pricing_percentage_rules":{"30":"10","100":"12","150":"15"},"tiered_pricing_maximum_quantity":null,"tiered_pricing_quantity_step":null,"_links":{"self":[{"href":"https:\/\/gretapearls.com\/de\/wp-json\/wp\/v2\/product\/26753","targetHints":{"allow":["GET"]}}],"collection":[{"href":"https:\/\/gretapearls.com\/de\/wp-json\/wp\/v2\/product"}],"about":[{"href":"https:\/\/gretapearls.com\/de\/wp-json\/wp\/v2\/types\/product"}],"replies":[{"embeddable":true,"href":"https:\/\/gretapearls.com\/de\/wp-json\/wp\/v2\/comments?post=26753"}],"wp:featuredmedia":[{"embeddable":true,"href":"https:\/\/gretapearls.com\/de\/wp-json\/wp\/v2\/media\/26749"}],"wp:attachment":[{"href":"https:\/\/gretapearls.com\/de\/wp-json\/wp\/v2\/media?parent=26753"}],"wp:term":[{"taxonomy":"product_brand","embeddable":true,"href":"https:\/\/gretapearls.com\/de\/wp-json\/wp\/v2\/product_brand?post=26753"},{"taxonomy":"product_cat","embeddable":true,"href":"https:\/\/gretapearls.com\/de\/wp-json\/wp\/v2\/product_cat?post=26753"},{"taxonomy":"product_tag","embeddable":true,"href":"https:\/\/gretapearls.com\/de\/wp-json\/wp\/v2\/product_tag?post=26753"}],"curies":[{"name":"wp","href":"https:\/\/api.w.org\/{rel}","templated":true}]}}