{"id":26425,"date":"2025-06-30T00:26:02","date_gmt":"2025-06-30T04:26:02","guid":{"rendered":"https:\/\/gretapearls.com\/en\/?post_type=product&#038;p=26425"},"modified":"2026-04-30T20:40:19","modified_gmt":"2026-05-01T00:40:19","slug":"3-mm-mini-suswasserperlen-mit-freier-form-und-flacher-ruckseite","status":"publish","type":"product","link":"https:\/\/gretapearls.com\/de\/shop\/3mm-mini-free-form-flat-back-freshwater-pearls\/","title":{"rendered":"3 mm Mini-S\u00fc\u00dfwasserperlen mit freier Form und flacher R\u00fcckseite"},"content":{"rendered":"","protected":false},"excerpt":{"rendered":"<p>Eine 36 cm lange Kette aus 3 mm gro\u00dfen, wei\u00dfen S\u00fc\u00dfwasser-Barockperlen mit unregelm\u00e4\u00dfiger Form, beidseitigem Glanz und seitlich gebohrten L\u00f6chern. Jede Perle besticht durch eine dezente Textur und einen sanften Schimmer. Ideal f\u00fcr minimalistische Halsketten oder zarte Ohrringe.<\/p>","protected":false},"featured_media":26420,"comment_status":"open","ping_status":"closed","template":"","meta":[],"product_brand":[],"product_cat":[54],"product_tag":[90],"class_list":{"0":"post-26425","1":"product","2":"type-product","3":"status-publish","4":"has-post-thumbnail","6":"product_cat-freshwater-pearls-wholesale","7":"product_tag-side-drilled-pearls","8":"pa_color-champagne-pearls","9":"pa_color-white-pearls","10":"pa_shape-flat-back-pearls","12":"first","13":"instock","14":"taxable","15":"shipping-taxable","16":"purchasable","17":"product-type-variable"},"tiered_pricing_type":"fixed","tiered_pricing_fixed_rules":[],"tiered_pricing_product_settings":{"layout":"default","base_unit_name":{"singular":null,"plural":null},"default_variation":null},"tiered_pricing_minimum_quantity":null,"tiered_pricing_roles_data":[],"tiered_pricing_percentage_rules":[],"tiered_pricing_maximum_quantity":null,"tiered_pricing_quantity_step":null,"_links":{"self":[{"href":"https:\/\/gretapearls.com\/de\/wp-json\/wp\/v2\/product\/26425","targetHints":{"allow":["GET"]}}],"collection":[{"href":"https:\/\/gretapearls.com\/de\/wp-json\/wp\/v2\/product"}],"about":[{"href":"https:\/\/gretapearls.com\/de\/wp-json\/wp\/v2\/types\/product"}],"replies":[{"embeddable":true,"href":"https:\/\/gretapearls.com\/de\/wp-json\/wp\/v2\/comments?post=26425"}],"wp:featuredmedia":[{"embeddable":true,"href":"https:\/\/gretapearls.com\/de\/wp-json\/wp\/v2\/media\/26420"}],"wp:attachment":[{"href":"https:\/\/gretapearls.com\/de\/wp-json\/wp\/v2\/media?parent=26425"}],"wp:term":[{"taxonomy":"product_brand","embeddable":true,"href":"https:\/\/gretapearls.com\/de\/wp-json\/wp\/v2\/product_brand?post=26425"},{"taxonomy":"product_cat","embeddable":true,"href":"https:\/\/gretapearls.com\/de\/wp-json\/wp\/v2\/product_cat?post=26425"},{"taxonomy":"product_tag","embeddable":true,"href":"https:\/\/gretapearls.com\/de\/wp-json\/wp\/v2\/product_tag?post=26425"}],"curies":[{"name":"wp","href":"https:\/\/api.w.org\/{rel}","templated":true}]}}