{"id":26383,"date":"2025-06-30T00:23:37","date_gmt":"2025-06-30T04:23:37","guid":{"rendered":"https:\/\/gretapearls.com\/en\/?post_type=product&#038;p=26383"},"modified":"2026-02-07T12:47:42","modified_gmt":"2026-02-07T17:47:42","slug":"45-mm-grose-naturliche-barock-suswasserperlen","status":"publish","type":"product","link":"https:\/\/gretapearls.com\/de\/shop\/4-5mm-natural-stick-baroque-freshwater-pearls\/","title":{"rendered":"4-5 mm nat\u00fcrliche Barock-S\u00fc\u00dfwasserperlen im Stabformat"},"content":{"rendered":"","protected":false},"excerpt":{"rendered":"<p>Diese nat\u00fcrlichen S\u00fc\u00dfwasser-Barockperlen werden lose in Form langer, d\u00fcnner St\u00e4bchen verkauft. Sie zeichnen sich durch wei\u00dfes Perlmutt, irisierenden Glanz und eine nat\u00fcrliche Oberfl\u00e4chenstruktur aus. Ideal f\u00fcr die Herstellung moderner und schlichter Halsketten, Armb\u00e4nder oder DIY-Accessoires im Boh\u00e8me-Stil.<\/p>","protected":false},"featured_media":26377,"comment_status":"open","ping_status":"closed","template":"","meta":[],"product_brand":[],"product_cat":[124],"product_tag":[91,85],"class_list":{"0":"post-26383","1":"product","2":"type-product","3":"status-publish","4":"has-post-thumbnail","6":"product_cat-irregular-pearls","7":"product_tag-full-drilled-pearls","8":"product_tag-bulk-string-pearls","9":"pa_color-white-pearls","10":"pa_shape-stick-pearls","12":"first","13":"instock","14":"taxable","15":"shipping-taxable","16":"purchasable","17":"product-type-simple"},"tiered_pricing_type":"fixed","tiered_pricing_fixed_rules":[],"tiered_pricing_product_settings":{"layout":"default","base_unit_name":{"singular":null,"plural":null},"default_variation":null},"tiered_pricing_minimum_quantity":null,"tiered_pricing_roles_data":[],"tiered_pricing_percentage_rules":[],"tiered_pricing_maximum_quantity":null,"tiered_pricing_quantity_step":null,"_links":{"self":[{"href":"https:\/\/gretapearls.com\/de\/wp-json\/wp\/v2\/product\/26383","targetHints":{"allow":["GET"]}}],"collection":[{"href":"https:\/\/gretapearls.com\/de\/wp-json\/wp\/v2\/product"}],"about":[{"href":"https:\/\/gretapearls.com\/de\/wp-json\/wp\/v2\/types\/product"}],"replies":[{"embeddable":true,"href":"https:\/\/gretapearls.com\/de\/wp-json\/wp\/v2\/comments?post=26383"}],"wp:featuredmedia":[{"embeddable":true,"href":"https:\/\/gretapearls.com\/de\/wp-json\/wp\/v2\/media\/26377"}],"wp:attachment":[{"href":"https:\/\/gretapearls.com\/de\/wp-json\/wp\/v2\/media?parent=26383"}],"wp:term":[{"taxonomy":"product_brand","embeddable":true,"href":"https:\/\/gretapearls.com\/de\/wp-json\/wp\/v2\/product_brand?post=26383"},{"taxonomy":"product_cat","embeddable":true,"href":"https:\/\/gretapearls.com\/de\/wp-json\/wp\/v2\/product_cat?post=26383"},{"taxonomy":"product_tag","embeddable":true,"href":"https:\/\/gretapearls.com\/de\/wp-json\/wp\/v2\/product_tag?post=26383"}],"curies":[{"name":"wp","href":"https:\/\/api.w.org\/{rel}","templated":true}]}}