{"id":26351,"date":"2025-06-30T00:21:43","date_gmt":"2025-06-30T04:21:43","guid":{"rendered":"https:\/\/gretapearls.com\/en\/?post_type=product&#038;p=26351"},"modified":"2026-02-07T12:46:54","modified_gmt":"2026-02-07T17:46:54","slug":"8-mm-rosa-violette-naturliche-suswasserperlen-in-knopfform","status":"publish","type":"product","link":"https:\/\/gretapearls.com\/de\/shop\/8mm-pink-purple-natural-button-freshwater-pearls\/","title":{"rendered":"8 mm rosa-violette nat\u00fcrliche S\u00fc\u00dfwasser-Knopfperlen"},"content":{"rendered":"","protected":false},"excerpt":{"rendered":"<p>Nat\u00fcrliche, flache S\u00fc\u00dfwasserperlen mit einem Durchmesser von ca. 8 mm, einem zarten rosavioletten Schimmer und einer glatten, feinen Oberfl\u00e4che. Sie eignen sich hervorragend zur Anfertigung exquisiter Armb\u00e4nder oder Halsketten und verleihen jedem Outfit eine romantische und sanfte Note.<\/p>","protected":false},"featured_media":26346,"comment_status":"open","ping_status":"closed","template":"","meta":[],"product_brand":[],"product_cat":[54,124],"product_tag":[91],"class_list":{"0":"post-26351","1":"product","2":"type-product","3":"status-publish","4":"has-post-thumbnail","6":"product_cat-freshwater-pearls-wholesale","7":"product_cat-irregular-pearls","8":"product_tag-full-drilled-pearls","9":"pa_color-purple-pearls","10":"pa_shape-button-pearls","12":"first","13":"instock","14":"taxable","15":"shipping-taxable","16":"purchasable","17":"product-type-simple"},"tiered_pricing_type":"fixed","tiered_pricing_fixed_rules":[],"tiered_pricing_product_settings":{"layout":"default","base_unit_name":{"singular":null,"plural":null},"default_variation":null},"tiered_pricing_minimum_quantity":null,"tiered_pricing_roles_data":[],"tiered_pricing_percentage_rules":[],"tiered_pricing_maximum_quantity":null,"tiered_pricing_quantity_step":null,"_links":{"self":[{"href":"https:\/\/gretapearls.com\/de\/wp-json\/wp\/v2\/product\/26351","targetHints":{"allow":["GET"]}}],"collection":[{"href":"https:\/\/gretapearls.com\/de\/wp-json\/wp\/v2\/product"}],"about":[{"href":"https:\/\/gretapearls.com\/de\/wp-json\/wp\/v2\/types\/product"}],"replies":[{"embeddable":true,"href":"https:\/\/gretapearls.com\/de\/wp-json\/wp\/v2\/comments?post=26351"}],"wp:featuredmedia":[{"embeddable":true,"href":"https:\/\/gretapearls.com\/de\/wp-json\/wp\/v2\/media\/26346"}],"wp:attachment":[{"href":"https:\/\/gretapearls.com\/de\/wp-json\/wp\/v2\/media?parent=26351"}],"wp:term":[{"taxonomy":"product_brand","embeddable":true,"href":"https:\/\/gretapearls.com\/de\/wp-json\/wp\/v2\/product_brand?post=26351"},{"taxonomy":"product_cat","embeddable":true,"href":"https:\/\/gretapearls.com\/de\/wp-json\/wp\/v2\/product_cat?post=26351"},{"taxonomy":"product_tag","embeddable":true,"href":"https:\/\/gretapearls.com\/de\/wp-json\/wp\/v2\/product_tag?post=26351"}],"curies":[{"name":"wp","href":"https:\/\/api.w.org\/{rel}","templated":true}]}}