{"id":26213,"date":"2025-06-30T00:13:36","date_gmt":"2025-06-30T04:13:36","guid":{"rendered":"https:\/\/gretapearls.com\/en\/?post_type=product&#038;p=26213"},"modified":"2026-02-07T12:38:56","modified_gmt":"2026-02-07T17:38:56","slug":"3-4-mm-grose-glatte-ovale-violette-suswasserperlen","status":"publish","type":"product","link":"https:\/\/gretapearls.com\/de\/shop\/3-4mm-purple-smooth-oval-natural-freshwater-pearls\/","title":{"rendered":"3-4 mm gro\u00dfe, glatte, ovale, violette S\u00fc\u00dfwasserperlen"},"content":{"rendered":"","protected":false},"excerpt":{"rendered":"<p>Diese 38 cm lange Perlenkette besteht aus ca. 105 glatten, ovalen, 3\u20134 mm gro\u00dfen, violetten S\u00fc\u00dfwasserperlen mit starkem Glanz und makelloser Oberfl\u00e4che. Sie eignet sich perfekt f\u00fcr die Anfertigung eleganter Halsketten und Armb\u00e4nder, die sowohl zu modernen als auch zu klassischen Stilen passen.<\/p>","protected":false},"featured_media":26208,"comment_status":"open","ping_status":"closed","template":"","meta":[],"product_brand":[],"product_cat":[54],"product_tag":[91,81,85],"class_list":{"0":"post-26213","1":"product","2":"type-product","3":"status-publish","4":"has-post-thumbnail","6":"product_cat-freshwater-pearls-wholesale","7":"product_tag-full-drilled-pearls","8":"product_tag-small-freshwater-pearls-wholesale","9":"product_tag-bulk-string-pearls","10":"pa_color-purple-pearls","11":"pa_shape-oval-pearls","13":"first","14":"instock","15":"taxable","16":"shipping-taxable","17":"purchasable","18":"product-type-simple"},"tiered_pricing_type":"fixed","tiered_pricing_fixed_rules":[],"tiered_pricing_product_settings":{"layout":"default","base_unit_name":{"singular":null,"plural":null},"default_variation":null},"tiered_pricing_minimum_quantity":null,"tiered_pricing_roles_data":[],"tiered_pricing_percentage_rules":[],"tiered_pricing_maximum_quantity":null,"tiered_pricing_quantity_step":null,"_links":{"self":[{"href":"https:\/\/gretapearls.com\/de\/wp-json\/wp\/v2\/product\/26213","targetHints":{"allow":["GET"]}}],"collection":[{"href":"https:\/\/gretapearls.com\/de\/wp-json\/wp\/v2\/product"}],"about":[{"href":"https:\/\/gretapearls.com\/de\/wp-json\/wp\/v2\/types\/product"}],"replies":[{"embeddable":true,"href":"https:\/\/gretapearls.com\/de\/wp-json\/wp\/v2\/comments?post=26213"}],"wp:featuredmedia":[{"embeddable":true,"href":"https:\/\/gretapearls.com\/de\/wp-json\/wp\/v2\/media\/26208"}],"wp:attachment":[{"href":"https:\/\/gretapearls.com\/de\/wp-json\/wp\/v2\/media?parent=26213"}],"wp:term":[{"taxonomy":"product_brand","embeddable":true,"href":"https:\/\/gretapearls.com\/de\/wp-json\/wp\/v2\/product_brand?post=26213"},{"taxonomy":"product_cat","embeddable":true,"href":"https:\/\/gretapearls.com\/de\/wp-json\/wp\/v2\/product_cat?post=26213"},{"taxonomy":"product_tag","embeddable":true,"href":"https:\/\/gretapearls.com\/de\/wp-json\/wp\/v2\/product_tag?post=26213"}],"curies":[{"name":"wp","href":"https:\/\/api.w.org\/{rel}","templated":true}]}}