{"id":26127,"date":"2025-06-30T00:08:48","date_gmt":"2025-06-30T04:08:48","guid":{"rendered":"https:\/\/gretapearls.com\/en\/?post_type=product&#038;p=26127"},"modified":"2026-02-07T12:37:41","modified_gmt":"2026-02-07T17:37:41","slug":"3-mm-grose-naturliche-ovale-suswasserperlen-mit-gewinde","status":"publish","type":"product","link":"https:\/\/gretapearls.com\/de\/shop\/3mm-natural-threaded-oval-freshwater-pearls\/","title":{"rendered":"3 mm gro\u00dfe, nat\u00fcrliche, ovale S\u00fc\u00dfwasserperlen mit Gewinde"},"content":{"rendered":"","protected":false},"excerpt":{"rendered":"<p>Eine 39 cm lange Kette aus nat\u00fcrlichen S\u00fc\u00dfwasser-Barockperlen, jede ca. 3 mm gro\u00df, wei\u00df mit strahlendem Glanz und gerippter Oberfl\u00e4che. Perfekt f\u00fcr minimalistische Armb\u00e4nder oder mehrreihige Halsketten im modernen Boho-Chic-Stil.<\/p>","protected":false},"featured_media":26122,"comment_status":"open","ping_status":"closed","template":"","meta":[],"product_brand":[],"product_cat":[54],"product_tag":[91,81,85],"class_list":{"0":"post-26127","1":"product","2":"type-product","3":"status-publish","4":"has-post-thumbnail","6":"product_cat-freshwater-pearls-wholesale","7":"product_tag-full-drilled-pearls","8":"product_tag-small-freshwater-pearls-wholesale","9":"product_tag-bulk-string-pearls","10":"pa_color-white-pearls","11":"pa_shape-oval-pearls","13":"first","14":"instock","15":"taxable","16":"shipping-taxable","17":"purchasable","18":"product-type-simple"},"tiered_pricing_type":"fixed","tiered_pricing_fixed_rules":[],"tiered_pricing_product_settings":{"layout":"default","base_unit_name":{"singular":null,"plural":null},"default_variation":null},"tiered_pricing_minimum_quantity":null,"tiered_pricing_roles_data":[],"tiered_pricing_percentage_rules":[],"tiered_pricing_maximum_quantity":null,"tiered_pricing_quantity_step":null,"_links":{"self":[{"href":"https:\/\/gretapearls.com\/de\/wp-json\/wp\/v2\/product\/26127","targetHints":{"allow":["GET"]}}],"collection":[{"href":"https:\/\/gretapearls.com\/de\/wp-json\/wp\/v2\/product"}],"about":[{"href":"https:\/\/gretapearls.com\/de\/wp-json\/wp\/v2\/types\/product"}],"replies":[{"embeddable":true,"href":"https:\/\/gretapearls.com\/de\/wp-json\/wp\/v2\/comments?post=26127"}],"wp:featuredmedia":[{"embeddable":true,"href":"https:\/\/gretapearls.com\/de\/wp-json\/wp\/v2\/media\/26122"}],"wp:attachment":[{"href":"https:\/\/gretapearls.com\/de\/wp-json\/wp\/v2\/media?parent=26127"}],"wp:term":[{"taxonomy":"product_brand","embeddable":true,"href":"https:\/\/gretapearls.com\/de\/wp-json\/wp\/v2\/product_brand?post=26127"},{"taxonomy":"product_cat","embeddable":true,"href":"https:\/\/gretapearls.com\/de\/wp-json\/wp\/v2\/product_cat?post=26127"},{"taxonomy":"product_tag","embeddable":true,"href":"https:\/\/gretapearls.com\/de\/wp-json\/wp\/v2\/product_tag?post=26127"}],"curies":[{"name":"wp","href":"https:\/\/api.w.org\/{rel}","templated":true}]}}