{"id":26079,"date":"2025-06-30T00:06:02","date_gmt":"2025-06-30T04:06:02","guid":{"rendered":"https:\/\/gretapearls.com\/en\/?post_type=product&#038;p=26079"},"modified":"2026-02-07T12:36:46","modified_gmt":"2026-02-07T17:36:46","slug":"13-14-mm-grose-naturliche-violette-tropfenformige-barockperlen","status":"publish","type":"product","link":"https:\/\/gretapearls.com\/de\/shop\/13-14mm-natural-purple-teardrop-baroque-pearls\/","title":{"rendered":"13-14 mm nat\u00fcrliche violette Barockperlen in Tropfenform"},"content":{"rendered":"","protected":false},"excerpt":{"rendered":"<p>Nat\u00fcrliche S\u00fc\u00dfwasser-Barockperlen in Tropfenform, violett, je 13\u201314 mm, mit gl\u00e4nzendem Schimmer, nat\u00fcrlicher Oberfl\u00e4chenstruktur und durchgehender Bohrung. Auf einer 42 cm langen Kette mit ca. 20 Perlen aufgef\u00e4delt. Perfekt f\u00fcr auff\u00e4llige Halsketten oder elegante Ohrh\u00e4nger.<\/p>","protected":false},"featured_media":26075,"comment_status":"open","ping_status":"closed","template":"","meta":[],"product_brand":[],"product_cat":[124,56],"product_tag":[91,84,85],"class_list":{"0":"post-26079","1":"product","2":"type-product","3":"status-publish","4":"has-post-thumbnail","6":"product_cat-irregular-pearls","7":"product_cat-baroque-pearls-wholesale","8":"product_tag-full-drilled-pearls","9":"product_tag-giant-pearls-whoelsale","10":"product_tag-bulk-string-pearls","11":"pa_color-purple-pearls","12":"pa_shape-teardrop-pearls","14":"first","15":"instock","16":"taxable","17":"shipping-taxable","18":"purchasable","19":"product-type-simple"},"tiered_pricing_type":"fixed","tiered_pricing_fixed_rules":[],"tiered_pricing_product_settings":{"layout":"default","base_unit_name":{"singular":null,"plural":null},"default_variation":null},"tiered_pricing_minimum_quantity":null,"tiered_pricing_roles_data":[],"tiered_pricing_percentage_rules":[],"tiered_pricing_maximum_quantity":null,"tiered_pricing_quantity_step":null,"_links":{"self":[{"href":"https:\/\/gretapearls.com\/de\/wp-json\/wp\/v2\/product\/26079","targetHints":{"allow":["GET"]}}],"collection":[{"href":"https:\/\/gretapearls.com\/de\/wp-json\/wp\/v2\/product"}],"about":[{"href":"https:\/\/gretapearls.com\/de\/wp-json\/wp\/v2\/types\/product"}],"replies":[{"embeddable":true,"href":"https:\/\/gretapearls.com\/de\/wp-json\/wp\/v2\/comments?post=26079"}],"wp:featuredmedia":[{"embeddable":true,"href":"https:\/\/gretapearls.com\/de\/wp-json\/wp\/v2\/media\/26075"}],"wp:attachment":[{"href":"https:\/\/gretapearls.com\/de\/wp-json\/wp\/v2\/media?parent=26079"}],"wp:term":[{"taxonomy":"product_brand","embeddable":true,"href":"https:\/\/gretapearls.com\/de\/wp-json\/wp\/v2\/product_brand?post=26079"},{"taxonomy":"product_cat","embeddable":true,"href":"https:\/\/gretapearls.com\/de\/wp-json\/wp\/v2\/product_cat?post=26079"},{"taxonomy":"product_tag","embeddable":true,"href":"https:\/\/gretapearls.com\/de\/wp-json\/wp\/v2\/product_tag?post=26079"}],"curies":[{"name":"wp","href":"https:\/\/api.w.org\/{rel}","templated":true}]}}