{"id":25790,"date":"2025-06-27T05:50:48","date_gmt":"2025-06-27T09:50:48","guid":{"rendered":"https:\/\/gretapearls.com\/en\/?post_type=product&#038;p=25790"},"modified":"2026-02-07T12:33:31","modified_gmt":"2026-02-07T17:33:31","slug":"13-mm-naturliche-unregelmasige-barocke-suswasserperlen","status":"publish","type":"product","link":"https:\/\/gretapearls.com\/de\/shop\/13mm-natural-irregular-coin-baroque-freshwater-pearls\/","title":{"rendered":"13 mm nat\u00fcrliche unregelm\u00e4\u00dfige barocke S\u00fc\u00dfwasserperlen in M\u00fcnzform"},"content":{"rendered":"","protected":false},"excerpt":{"rendered":"<p>Diese 39\u201340 cm lange Kette besteht aus ca. 26 nat\u00fcrlichen S\u00fc\u00dfwasser-Barockperlen mit dezenten Enden (ca. 13 mm Durchmesser), die sich durch einen sanften Wei\u00dfton, starken Glanz und eine einzigartige Oberfl\u00e4chenstruktur auszeichnen. Perfekt f\u00fcr selbstgemachte Halsketten, Armb\u00e4nder oder Ohrringe im Boho-Stil.<\/p>","protected":false},"featured_media":25785,"comment_status":"open","ping_status":"closed","template":"","meta":[],"product_brand":[],"product_cat":[54,124],"product_tag":[91,84,85],"class_list":{"0":"post-25790","1":"product","2":"type-product","3":"status-publish","4":"has-post-thumbnail","6":"product_cat-freshwater-pearls-wholesale","7":"product_cat-irregular-pearls","8":"product_tag-full-drilled-pearls","9":"product_tag-giant-pearls-whoelsale","10":"product_tag-bulk-string-pearls","11":"pa_color-white-pearls","12":"pa_shape-coin-pearls","14":"first","15":"instock","16":"taxable","17":"shipping-taxable","18":"purchasable","19":"product-type-simple"},"tiered_pricing_type":"fixed","tiered_pricing_fixed_rules":[],"tiered_pricing_product_settings":{"layout":"default","base_unit_name":{"singular":null,"plural":null},"default_variation":null},"tiered_pricing_minimum_quantity":null,"tiered_pricing_roles_data":[],"tiered_pricing_percentage_rules":[],"tiered_pricing_maximum_quantity":null,"tiered_pricing_quantity_step":null,"_links":{"self":[{"href":"https:\/\/gretapearls.com\/de\/wp-json\/wp\/v2\/product\/25790","targetHints":{"allow":["GET"]}}],"collection":[{"href":"https:\/\/gretapearls.com\/de\/wp-json\/wp\/v2\/product"}],"about":[{"href":"https:\/\/gretapearls.com\/de\/wp-json\/wp\/v2\/types\/product"}],"replies":[{"embeddable":true,"href":"https:\/\/gretapearls.com\/de\/wp-json\/wp\/v2\/comments?post=25790"}],"wp:featuredmedia":[{"embeddable":true,"href":"https:\/\/gretapearls.com\/de\/wp-json\/wp\/v2\/media\/25785"}],"wp:attachment":[{"href":"https:\/\/gretapearls.com\/de\/wp-json\/wp\/v2\/media?parent=25790"}],"wp:term":[{"taxonomy":"product_brand","embeddable":true,"href":"https:\/\/gretapearls.com\/de\/wp-json\/wp\/v2\/product_brand?post=25790"},{"taxonomy":"product_cat","embeddable":true,"href":"https:\/\/gretapearls.com\/de\/wp-json\/wp\/v2\/product_cat?post=25790"},{"taxonomy":"product_tag","embeddable":true,"href":"https:\/\/gretapearls.com\/de\/wp-json\/wp\/v2\/product_tag?post=25790"}],"curies":[{"name":"wp","href":"https:\/\/api.w.org\/{rel}","templated":true}]}}