{"id":25540,"date":"2025-06-25T14:53:48","date_gmt":"2025-06-25T18:53:48","guid":{"rendered":"https:\/\/gretapearls.com\/en\/?post_type=product&#038;p=25540"},"modified":"2026-05-05T11:40:24","modified_gmt":"2026-05-05T15:40:24","slug":"13-14-mm-5a-runde-suswasserperle-mit-hohem-glanz","status":"publish","type":"product","link":"https:\/\/gretapearls.com\/de\/shop\/13-14mm-5a-round-high-luster-freshwater-pearl\/","title":{"rendered":"13-14 mm 5A Runde S\u00fc\u00dfwasserperle mit hohem Glanz"},"content":{"rendered":"","protected":false},"excerpt":{"rendered":"<p>Diese S\u00fc\u00dfwasserperlen mit einem Durchmesser von 13\u201314 mm sind rund und ein echter Blickfang. Sie bestechen durch ihren spiegelglatten Glanz, ihre leicht gekr\u00e4uselte Oberfl\u00e4che und sind selbst aus sicherer Entfernung makellos. Sie eignen sich perfekt f\u00fcr die Kreation von funkelndem Schmuck, sei es ein luxuri\u00f6ser Ring, ein Anh\u00e4nger oder ein Statement-Ohrring.<\/p>","protected":false},"featured_media":25535,"comment_status":"open","ping_status":"closed","template":"","meta":[],"product_brand":[],"product_cat":[54,141],"product_tag":[89,86],"class_list":{"0":"post-25540","1":"product","2":"type-product","3":"status-publish","4":"has-post-thumbnail","6":"product_cat-freshwater-pearls-wholesale","7":"product_cat-promotions","8":"product_tag-half-drilled-pearls","9":"product_tag-loose-freshwater-pearls-wholesale","10":"pa_color-white-pearls","11":"pa_shape-round-pearls","13":"first","14":"instock","15":"sale","16":"taxable","17":"shipping-taxable","18":"purchasable","19":"product-type-simple"},"tiered_pricing_type":"fixed","tiered_pricing_fixed_rules":[],"tiered_pricing_product_settings":{"layout":"default","base_unit_name":{"singular":null,"plural":null},"default_variation":null},"tiered_pricing_minimum_quantity":null,"tiered_pricing_roles_data":[],"tiered_pricing_percentage_rules":[],"tiered_pricing_maximum_quantity":null,"tiered_pricing_quantity_step":null,"_links":{"self":[{"href":"https:\/\/gretapearls.com\/de\/wp-json\/wp\/v2\/product\/25540","targetHints":{"allow":["GET"]}}],"collection":[{"href":"https:\/\/gretapearls.com\/de\/wp-json\/wp\/v2\/product"}],"about":[{"href":"https:\/\/gretapearls.com\/de\/wp-json\/wp\/v2\/types\/product"}],"replies":[{"embeddable":true,"href":"https:\/\/gretapearls.com\/de\/wp-json\/wp\/v2\/comments?post=25540"}],"wp:featuredmedia":[{"embeddable":true,"href":"https:\/\/gretapearls.com\/de\/wp-json\/wp\/v2\/media\/25535"}],"wp:attachment":[{"href":"https:\/\/gretapearls.com\/de\/wp-json\/wp\/v2\/media?parent=25540"}],"wp:term":[{"taxonomy":"product_brand","embeddable":true,"href":"https:\/\/gretapearls.com\/de\/wp-json\/wp\/v2\/product_brand?post=25540"},{"taxonomy":"product_cat","embeddable":true,"href":"https:\/\/gretapearls.com\/de\/wp-json\/wp\/v2\/product_cat?post=25540"},{"taxonomy":"product_tag","embeddable":true,"href":"https:\/\/gretapearls.com\/de\/wp-json\/wp\/v2\/product_tag?post=25540"}],"curies":[{"name":"wp","href":"https:\/\/api.w.org\/{rel}","templated":true}]}}