{"id":25485,"date":"2025-06-25T14:50:32","date_gmt":"2025-06-25T18:50:32","guid":{"rendered":"https:\/\/gretapearls.com\/en\/?post_type=product&#038;p=25485"},"modified":"2026-02-07T12:29:16","modified_gmt":"2026-02-07T17:29:16","slug":"2-3-mm-grose-naturliche-kernlose-unregelmasige-suswasserperlen","status":"publish","type":"product","link":"https:\/\/gretapearls.com\/de\/shop\/2-3mm-natural-non-nucleated-irregular-freshwater-pearls\/","title":{"rendered":"2-3 mm nat\u00fcrliche, kernlose, unregelm\u00e4\u00dfige S\u00fc\u00dfwasserperlen"},"content":{"rendered":"","protected":false},"excerpt":{"rendered":"<p>Diese 35 cm lange Kette aus S\u00fc\u00dfwasserperlen mit flacher R\u00fcckseite besticht durch unregelm\u00e4\u00dfige, 2\u20133 mm gro\u00dfe, wei\u00dfe Perlen mit strahlendem Glanz, nat\u00fcrlicher Oberfl\u00e4chenstruktur und Bohrungen. Ideal f\u00fcr zarte Halsketten, Armb\u00e4nder oder Ohrringe im minimalistischen Boho-Stil.<\/p>","protected":false},"featured_media":25479,"comment_status":"open","ping_status":"closed","template":"","meta":[],"product_brand":[],"product_cat":[124,55],"product_tag":[91,81,85],"class_list":{"0":"post-25485","1":"product","2":"type-product","3":"status-publish","4":"has-post-thumbnail","6":"product_cat-irregular-pearls","7":"product_cat-keshi-pearls-wholesale","8":"product_tag-full-drilled-pearls","9":"product_tag-small-freshwater-pearls-wholesale","10":"product_tag-bulk-string-pearls","11":"pa_color-white-pearls","12":"pa_shape-freeform-pearls","14":"first","15":"instock","16":"taxable","17":"shipping-taxable","18":"purchasable","19":"product-type-simple"},"tiered_pricing_type":"fixed","tiered_pricing_fixed_rules":[],"tiered_pricing_product_settings":{"layout":"default","base_unit_name":{"singular":null,"plural":null},"default_variation":null},"tiered_pricing_minimum_quantity":null,"tiered_pricing_roles_data":[],"tiered_pricing_percentage_rules":[],"tiered_pricing_maximum_quantity":null,"tiered_pricing_quantity_step":null,"_links":{"self":[{"href":"https:\/\/gretapearls.com\/de\/wp-json\/wp\/v2\/product\/25485","targetHints":{"allow":["GET"]}}],"collection":[{"href":"https:\/\/gretapearls.com\/de\/wp-json\/wp\/v2\/product"}],"about":[{"href":"https:\/\/gretapearls.com\/de\/wp-json\/wp\/v2\/types\/product"}],"replies":[{"embeddable":true,"href":"https:\/\/gretapearls.com\/de\/wp-json\/wp\/v2\/comments?post=25485"}],"wp:featuredmedia":[{"embeddable":true,"href":"https:\/\/gretapearls.com\/de\/wp-json\/wp\/v2\/media\/25479"}],"wp:attachment":[{"href":"https:\/\/gretapearls.com\/de\/wp-json\/wp\/v2\/media?parent=25485"}],"wp:term":[{"taxonomy":"product_brand","embeddable":true,"href":"https:\/\/gretapearls.com\/de\/wp-json\/wp\/v2\/product_brand?post=25485"},{"taxonomy":"product_cat","embeddable":true,"href":"https:\/\/gretapearls.com\/de\/wp-json\/wp\/v2\/product_cat?post=25485"},{"taxonomy":"product_tag","embeddable":true,"href":"https:\/\/gretapearls.com\/de\/wp-json\/wp\/v2\/product_tag?post=25485"}],"curies":[{"name":"wp","href":"https:\/\/api.w.org\/{rel}","templated":true}]}}