{"id":25395,"date":"2025-06-24T09:40:31","date_gmt":"2025-06-24T13:40:31","guid":{"rendered":"https:\/\/gretapearls.com\/en\/?post_type=product&#038;p=25395"},"modified":"2026-02-07T12:28:24","modified_gmt":"2026-02-07T17:28:24","slug":"7-mm-grose-stark-glanzende-glatte-tropfenformige-barockperlen","status":"publish","type":"product","link":"https:\/\/gretapearls.com\/de\/shop\/7mm-strong-luster-smooth-teardrop-baroque-pearls\/","title":{"rendered":"7 mm starke, gl\u00e4nzende, glatte, tropfenf\u00f6rmige Barockperlen"},"content":{"rendered":"","protected":false},"excerpt":{"rendered":"<p>Glatte, 7 mm gro\u00dfe, wei\u00dfe Barock-S\u00fc\u00dfwasserperlen in Tropfenform zeichnen sich durch starken Glanz und leichte nat\u00fcrliche Oberfl\u00e4chenvariationen aus. Sie sind gebohrt und auf einer 37 cm langen Perlenkette aufgef\u00e4delt. Ideal f\u00fcr die Anfertigung eleganter Halsketten und Ohrh\u00e4nger im Boh\u00e8me-Stil.<\/p>","protected":false},"featured_media":25390,"comment_status":"open","ping_status":"closed","template":"","meta":[],"product_brand":[],"product_cat":[124],"product_tag":[91,86,82],"class_list":{"0":"post-25395","1":"product","2":"type-product","3":"status-publish","4":"has-post-thumbnail","6":"product_cat-irregular-pearls","7":"product_tag-full-drilled-pearls","8":"product_tag-loose-freshwater-pearls-wholesale","9":"product_tag-medium-freshwater-pearls-wholesale","10":"pa_color-white-pearls","11":"pa_shape-teardrop-pearls","13":"first","14":"instock","15":"taxable","16":"shipping-taxable","17":"purchasable","18":"product-type-simple"},"tiered_pricing_type":"fixed","tiered_pricing_fixed_rules":[],"tiered_pricing_product_settings":{"layout":"default","base_unit_name":{"singular":null,"plural":null},"default_variation":null},"tiered_pricing_minimum_quantity":null,"tiered_pricing_roles_data":[],"tiered_pricing_percentage_rules":[],"tiered_pricing_maximum_quantity":null,"tiered_pricing_quantity_step":null,"_links":{"self":[{"href":"https:\/\/gretapearls.com\/de\/wp-json\/wp\/v2\/product\/25395","targetHints":{"allow":["GET"]}}],"collection":[{"href":"https:\/\/gretapearls.com\/de\/wp-json\/wp\/v2\/product"}],"about":[{"href":"https:\/\/gretapearls.com\/de\/wp-json\/wp\/v2\/types\/product"}],"replies":[{"embeddable":true,"href":"https:\/\/gretapearls.com\/de\/wp-json\/wp\/v2\/comments?post=25395"}],"wp:featuredmedia":[{"embeddable":true,"href":"https:\/\/gretapearls.com\/de\/wp-json\/wp\/v2\/media\/25390"}],"wp:attachment":[{"href":"https:\/\/gretapearls.com\/de\/wp-json\/wp\/v2\/media?parent=25395"}],"wp:term":[{"taxonomy":"product_brand","embeddable":true,"href":"https:\/\/gretapearls.com\/de\/wp-json\/wp\/v2\/product_brand?post=25395"},{"taxonomy":"product_cat","embeddable":true,"href":"https:\/\/gretapearls.com\/de\/wp-json\/wp\/v2\/product_cat?post=25395"},{"taxonomy":"product_tag","embeddable":true,"href":"https:\/\/gretapearls.com\/de\/wp-json\/wp\/v2\/product_tag?post=25395"}],"curies":[{"name":"wp","href":"https:\/\/api.w.org\/{rel}","templated":true}]}}