{"id":25389,"date":"2025-06-24T09:40:11","date_gmt":"2025-06-24T13:40:11","guid":{"rendered":"https:\/\/gretapearls.com\/en\/?post_type=product&#038;p=25389"},"modified":"2026-02-07T12:28:15","modified_gmt":"2026-02-07T17:28:15","slug":"5-6-mm-grose-doppelseitig-glanzende-grau-gefarbte-barockperlen","status":"publish","type":"product","link":"https:\/\/gretapearls.com\/de\/shop\/5-6mm-dyed-grey-double-sided-lustrous-baroque-pearls\/","title":{"rendered":"5-6 mm gro\u00dfe, beidseitig gl\u00e4nzende, grau gef\u00e4rbte Barockperlen"},"content":{"rendered":"","protected":false},"excerpt":{"rendered":"<p>Diese 35 cm lange Kette aus nat\u00fcrlichen S\u00fc\u00dfwasser-Barockperlen besteht aus \u00fcber 60 unregelm\u00e4\u00dfigen grauen Perlen mit einem Durchmesser von 5\u20136 mm und Standardbohrl\u00f6chern, die einen mittleren Glanz und organische Oberfl\u00e4chenstrukturen aufweisen.<\/p>","protected":false},"featured_media":25384,"comment_status":"open","ping_status":"closed","template":"","meta":[],"product_brand":[],"product_cat":[124,144],"product_tag":[91,82,85],"class_list":{"0":"post-25389","1":"product","2":"type-product","3":"status-publish","4":"has-post-thumbnail","6":"product_cat-irregular-pearls","7":"product_cat-dyed-pearls","8":"product_tag-full-drilled-pearls","9":"product_tag-medium-freshwater-pearls-wholesale","10":"product_tag-bulk-string-pearls","11":"pa_color-grey-pearls","12":"pa_shape-freeform-pearls","14":"first","15":"instock","16":"taxable","17":"shipping-taxable","18":"purchasable","19":"product-type-simple"},"tiered_pricing_type":"fixed","tiered_pricing_fixed_rules":[],"tiered_pricing_product_settings":{"layout":"default","base_unit_name":{"singular":null,"plural":null},"default_variation":null},"tiered_pricing_minimum_quantity":null,"tiered_pricing_roles_data":[],"tiered_pricing_percentage_rules":[],"tiered_pricing_maximum_quantity":null,"tiered_pricing_quantity_step":null,"_links":{"self":[{"href":"https:\/\/gretapearls.com\/de\/wp-json\/wp\/v2\/product\/25389","targetHints":{"allow":["GET"]}}],"collection":[{"href":"https:\/\/gretapearls.com\/de\/wp-json\/wp\/v2\/product"}],"about":[{"href":"https:\/\/gretapearls.com\/de\/wp-json\/wp\/v2\/types\/product"}],"replies":[{"embeddable":true,"href":"https:\/\/gretapearls.com\/de\/wp-json\/wp\/v2\/comments?post=25389"}],"wp:featuredmedia":[{"embeddable":true,"href":"https:\/\/gretapearls.com\/de\/wp-json\/wp\/v2\/media\/25384"}],"wp:attachment":[{"href":"https:\/\/gretapearls.com\/de\/wp-json\/wp\/v2\/media?parent=25389"}],"wp:term":[{"taxonomy":"product_brand","embeddable":true,"href":"https:\/\/gretapearls.com\/de\/wp-json\/wp\/v2\/product_brand?post=25389"},{"taxonomy":"product_cat","embeddable":true,"href":"https:\/\/gretapearls.com\/de\/wp-json\/wp\/v2\/product_cat?post=25389"},{"taxonomy":"product_tag","embeddable":true,"href":"https:\/\/gretapearls.com\/de\/wp-json\/wp\/v2\/product_tag?post=25389"}],"curies":[{"name":"wp","href":"https:\/\/api.w.org\/{rel}","templated":true}]}}