{"id":25327,"date":"2025-06-24T09:36:55","date_gmt":"2025-06-24T13:36:55","guid":{"rendered":"https:\/\/gretapearls.com\/en\/?post_type=product&#038;p=25327"},"modified":"2026-04-29T20:32:15","modified_gmt":"2026-04-30T00:32:15","slug":"anhanger-aus-925er-sterlingsilber-mit-runder-edison-suswasserperle-11-12-mm","status":"publish","type":"product","link":"https:\/\/gretapearls.com\/de\/shop\/s925-silver-11-12mm-round-edison-freshwater-pearl-pendant\/","title":{"rendered":"Anh\u00e4nger aus 925er Silber mit runder Edison-S\u00fc\u00dfwasserperle (11\u201312 mm), rund, aus Edison-S\u00fc\u00dfwasser."},"content":{"rendered":"","protected":false},"excerpt":{"rendered":"<p>Runde Edison-S\u00fc\u00dfwasserperlenanh\u00e4nger (11\u201312 mm) mit hochgl\u00e4nzender, wei\u00dfer Oberfl\u00e4che, gefasst in einem universellen Verschluss aus 925er Sterlingsilber; einzeln erh\u00e4ltlich. Perfekt als Halskette oder Ohrringanh\u00e4nger f\u00fcr zeitlose Eleganz, ob leger oder formell.<\/p>","protected":false},"featured_media":25322,"comment_status":"open","ping_status":"closed","template":"","meta":[],"product_brand":[],"product_cat":[80],"product_tag":[84,86],"class_list":{"0":"post-25327","1":"product","2":"type-product","3":"status-publish","4":"has-post-thumbnail","6":"product_cat-pearl-pendant-wholesale","7":"product_tag-giant-pearls-whoelsale","8":"product_tag-loose-freshwater-pearls-wholesale","9":"pa_shape-round-pearls","11":"first","12":"instock","13":"taxable","14":"shipping-taxable","15":"purchasable","16":"product-type-variable"},"tiered_pricing_type":"fixed","tiered_pricing_fixed_rules":[],"tiered_pricing_product_settings":{"layout":"default","base_unit_name":{"singular":null,"plural":null},"default_variation":null},"tiered_pricing_minimum_quantity":null,"tiered_pricing_roles_data":[],"tiered_pricing_percentage_rules":[],"tiered_pricing_maximum_quantity":null,"tiered_pricing_quantity_step":null,"_links":{"self":[{"href":"https:\/\/gretapearls.com\/de\/wp-json\/wp\/v2\/product\/25327","targetHints":{"allow":["GET"]}}],"collection":[{"href":"https:\/\/gretapearls.com\/de\/wp-json\/wp\/v2\/product"}],"about":[{"href":"https:\/\/gretapearls.com\/de\/wp-json\/wp\/v2\/types\/product"}],"replies":[{"embeddable":true,"href":"https:\/\/gretapearls.com\/de\/wp-json\/wp\/v2\/comments?post=25327"}],"wp:featuredmedia":[{"embeddable":true,"href":"https:\/\/gretapearls.com\/de\/wp-json\/wp\/v2\/media\/25322"}],"wp:attachment":[{"href":"https:\/\/gretapearls.com\/de\/wp-json\/wp\/v2\/media?parent=25327"}],"wp:term":[{"taxonomy":"product_brand","embeddable":true,"href":"https:\/\/gretapearls.com\/de\/wp-json\/wp\/v2\/product_brand?post=25327"},{"taxonomy":"product_cat","embeddable":true,"href":"https:\/\/gretapearls.com\/de\/wp-json\/wp\/v2\/product_cat?post=25327"},{"taxonomy":"product_tag","embeddable":true,"href":"https:\/\/gretapearls.com\/de\/wp-json\/wp\/v2\/product_tag?post=25327"}],"curies":[{"name":"wp","href":"https:\/\/api.w.org\/{rel}","templated":true}]}}