{"id":25226,"date":"2025-06-24T09:30:50","date_gmt":"2025-06-24T13:30:50","guid":{"rendered":"https:\/\/gretapearls.com\/en\/?post_type=product&#038;p=25226"},"modified":"2026-04-22T19:47:36","modified_gmt":"2026-04-22T23:47:36","slug":"7-8-mm-grose-naturliche-suswasserperlen-mit-flacher-ruckseite-und-knopfverschluss","status":"publish","type":"product","link":"https:\/\/gretapearls.com\/de\/shop\/7-8mm-natural-flat-back-button-freshwater-pearls\/","title":{"rendered":"7-8 mm nat\u00fcrliche, flache S\u00fc\u00dfwasserperlen mit Knopfverschluss"},"content":{"rendered":"","protected":false},"excerpt":{"rendered":"<p>7\u20138 mm gro\u00dfe S\u00fc\u00dfwasserperlen in Wei\u00df-, Champagner- und Violettt\u00f6nen mit strahlendem Glanz und feiner Oberfl\u00e4chenstruktur; Verkauf pro Strang, jeweils mit zentriert gebohrten Perlen. Ideal f\u00fcr die Anfertigung zarter Halsketten, Armb\u00e4nder oder Ohrringe.<\/p>","protected":false},"featured_media":25221,"comment_status":"open","ping_status":"closed","template":"","meta":[],"product_brand":[],"product_cat":[54],"product_tag":[91,82,85],"class_list":{"0":"post-25226","1":"product","2":"type-product","3":"status-publish","4":"has-post-thumbnail","6":"product_cat-freshwater-pearls-wholesale","7":"product_tag-full-drilled-pearls","8":"product_tag-medium-freshwater-pearls-wholesale","9":"product_tag-bulk-string-pearls","10":"pa_color-champagne-pearls","11":"pa_color-purple-pearls","12":"pa_color-white-pearls","13":"pa_shape-coin-pearls","15":"first","16":"instock","17":"taxable","18":"shipping-taxable","19":"purchasable","20":"product-type-variable"},"tiered_pricing_type":"fixed","tiered_pricing_fixed_rules":[],"tiered_pricing_product_settings":{"layout":"default","base_unit_name":{"singular":null,"plural":null},"default_variation":null},"tiered_pricing_minimum_quantity":null,"tiered_pricing_roles_data":[],"tiered_pricing_percentage_rules":[],"tiered_pricing_maximum_quantity":null,"tiered_pricing_quantity_step":null,"_links":{"self":[{"href":"https:\/\/gretapearls.com\/de\/wp-json\/wp\/v2\/product\/25226","targetHints":{"allow":["GET"]}}],"collection":[{"href":"https:\/\/gretapearls.com\/de\/wp-json\/wp\/v2\/product"}],"about":[{"href":"https:\/\/gretapearls.com\/de\/wp-json\/wp\/v2\/types\/product"}],"replies":[{"embeddable":true,"href":"https:\/\/gretapearls.com\/de\/wp-json\/wp\/v2\/comments?post=25226"}],"wp:featuredmedia":[{"embeddable":true,"href":"https:\/\/gretapearls.com\/de\/wp-json\/wp\/v2\/media\/25221"}],"wp:attachment":[{"href":"https:\/\/gretapearls.com\/de\/wp-json\/wp\/v2\/media?parent=25226"}],"wp:term":[{"taxonomy":"product_brand","embeddable":true,"href":"https:\/\/gretapearls.com\/de\/wp-json\/wp\/v2\/product_brand?post=25226"},{"taxonomy":"product_cat","embeddable":true,"href":"https:\/\/gretapearls.com\/de\/wp-json\/wp\/v2\/product_cat?post=25226"},{"taxonomy":"product_tag","embeddable":true,"href":"https:\/\/gretapearls.com\/de\/wp-json\/wp\/v2\/product_tag?post=25226"}],"curies":[{"name":"wp","href":"https:\/\/api.w.org\/{rel}","templated":true}]}}