{"id":24849,"date":"2025-06-11T01:37:48","date_gmt":"2025-06-11T05:37:48","guid":{"rendered":"https:\/\/gretapearls.com\/en\/?post_type=product&#038;p=24849"},"modified":"2026-04-28T20:21:43","modified_gmt":"2026-04-29T00:21:43","slug":"12-grose-15-mm-grose-gerunzelte-edison-suswasserperlen","status":"publish","type":"product","link":"https:\/\/gretapearls.com\/de\/shop\/12-15mm-large-wrinkled-edison-freshwater-pearls\/","title":{"rendered":"12-15 mm gro\u00dfe, runzelige Edison-S\u00fc\u00dfwasserperlen"},"content":{"rendered":"","protected":false},"excerpt":{"rendered":"<p>Diese 12\u201315 mm gro\u00dfen Edison-S\u00fc\u00dfwasserperlen bestechen durch ihre gro\u00dfe, tropfenf\u00f6rmige Barockform mit markanten Oberfl\u00e4chenstrukturen und starkem metallischem Glanz. Ihre nat\u00fcrlichen Farbt\u00f6ne reichen von Pfirsich bis Lavendel und schimmern in sattem Regenbogen. Eine ausdrucksstarke Wahl f\u00fcr ausdrucksstarke Halsketten, Anh\u00e4nger oder auff\u00e4llige Schmuckst\u00fccke.<\/p>","protected":false},"featured_media":24844,"comment_status":"open","ping_status":"closed","template":"","meta":[],"product_brand":[],"product_cat":[57],"product_tag":[91,85],"class_list":{"0":"post-24849","1":"product","2":"type-product","3":"status-publish","4":"has-post-thumbnail","6":"product_cat-edison-pearls-wholesale","7":"product_tag-full-drilled-pearls","8":"product_tag-bulk-string-pearls","9":"pa_color-candy-pearls","10":"pa_color-purple-pearls","11":"pa_shape-freeform-pearls","13":"first","14":"instock","15":"taxable","16":"shipping-taxable","17":"purchasable","18":"product-type-variable"},"tiered_pricing_type":"fixed","tiered_pricing_fixed_rules":[],"tiered_pricing_product_settings":{"layout":"default","base_unit_name":{"singular":null,"plural":null},"default_variation":null},"tiered_pricing_minimum_quantity":null,"tiered_pricing_roles_data":[],"tiered_pricing_percentage_rules":[],"tiered_pricing_maximum_quantity":null,"tiered_pricing_quantity_step":null,"_links":{"self":[{"href":"https:\/\/gretapearls.com\/de\/wp-json\/wp\/v2\/product\/24849","targetHints":{"allow":["GET"]}}],"collection":[{"href":"https:\/\/gretapearls.com\/de\/wp-json\/wp\/v2\/product"}],"about":[{"href":"https:\/\/gretapearls.com\/de\/wp-json\/wp\/v2\/types\/product"}],"replies":[{"embeddable":true,"href":"https:\/\/gretapearls.com\/de\/wp-json\/wp\/v2\/comments?post=24849"}],"wp:featuredmedia":[{"embeddable":true,"href":"https:\/\/gretapearls.com\/de\/wp-json\/wp\/v2\/media\/24844"}],"wp:attachment":[{"href":"https:\/\/gretapearls.com\/de\/wp-json\/wp\/v2\/media?parent=24849"}],"wp:term":[{"taxonomy":"product_brand","embeddable":true,"href":"https:\/\/gretapearls.com\/de\/wp-json\/wp\/v2\/product_brand?post=24849"},{"taxonomy":"product_cat","embeddable":true,"href":"https:\/\/gretapearls.com\/de\/wp-json\/wp\/v2\/product_cat?post=24849"},{"taxonomy":"product_tag","embeddable":true,"href":"https:\/\/gretapearls.com\/de\/wp-json\/wp\/v2\/product_tag?post=24849"}],"curies":[{"name":"wp","href":"https:\/\/api.w.org\/{rel}","templated":true}]}}