{"id":24798,"date":"2025-06-11T01:34:51","date_gmt":"2025-06-11T05:34:51","guid":{"rendered":"https:\/\/gretapearls.com\/en\/?post_type=product&#038;p=24798"},"modified":"2026-02-07T12:22:39","modified_gmt":"2026-02-07T17:22:39","slug":"13-mm-grose-hochglanzende-barocke-suswasserperle-in-munzform","status":"publish","type":"product","link":"https:\/\/gretapearls.com\/de\/shop\/13mm-high-luster-coin-baroque-natural-freshwater-pearl\/","title":{"rendered":"13 mm Hochglanz-S\u00fc\u00dfwasserperle im Barockstil, nat\u00fcrliche S\u00fc\u00dfwasserperle."},"content":{"rendered":"","protected":false},"excerpt":{"rendered":"<p>Diese 13\u201314 mm gro\u00dfen, barocken S\u00fc\u00dfwasserperlen haben eine flache, runde Form mit einem starken, reflektierenden Glanz und sanften, irisierenden Schimmern. Jede Perle weist nat\u00fcrliche Wellen und leichte Oberfl\u00e4chenvariationen auf. Ideal f\u00fcr ausdrucksstarke Ohrringe, Anh\u00e4nger oder moderne Schmuckst\u00fccke.<\/p>","protected":false},"featured_media":24793,"comment_status":"open","ping_status":"closed","template":"","meta":[],"product_brand":[],"product_cat":[54],"product_tag":[91,85],"class_list":{"0":"post-24798","1":"product","2":"type-product","3":"status-publish","4":"has-post-thumbnail","6":"product_cat-freshwater-pearls-wholesale","7":"product_tag-full-drilled-pearls","8":"product_tag-bulk-string-pearls","9":"pa_color-white-pearls","10":"pa_shape-coin-pearls","12":"first","13":"instock","14":"taxable","15":"shipping-taxable","16":"purchasable","17":"product-type-simple"},"tiered_pricing_type":"fixed","tiered_pricing_fixed_rules":[],"tiered_pricing_product_settings":{"layout":"default","base_unit_name":{"singular":null,"plural":null},"default_variation":null},"tiered_pricing_minimum_quantity":null,"tiered_pricing_roles_data":[],"tiered_pricing_percentage_rules":[],"tiered_pricing_maximum_quantity":null,"tiered_pricing_quantity_step":null,"_links":{"self":[{"href":"https:\/\/gretapearls.com\/de\/wp-json\/wp\/v2\/product\/24798","targetHints":{"allow":["GET"]}}],"collection":[{"href":"https:\/\/gretapearls.com\/de\/wp-json\/wp\/v2\/product"}],"about":[{"href":"https:\/\/gretapearls.com\/de\/wp-json\/wp\/v2\/types\/product"}],"replies":[{"embeddable":true,"href":"https:\/\/gretapearls.com\/de\/wp-json\/wp\/v2\/comments?post=24798"}],"wp:featuredmedia":[{"embeddable":true,"href":"https:\/\/gretapearls.com\/de\/wp-json\/wp\/v2\/media\/24793"}],"wp:attachment":[{"href":"https:\/\/gretapearls.com\/de\/wp-json\/wp\/v2\/media?parent=24798"}],"wp:term":[{"taxonomy":"product_brand","embeddable":true,"href":"https:\/\/gretapearls.com\/de\/wp-json\/wp\/v2\/product_brand?post=24798"},{"taxonomy":"product_cat","embeddable":true,"href":"https:\/\/gretapearls.com\/de\/wp-json\/wp\/v2\/product_cat?post=24798"},{"taxonomy":"product_tag","embeddable":true,"href":"https:\/\/gretapearls.com\/de\/wp-json\/wp\/v2\/product_tag?post=24798"}],"curies":[{"name":"wp","href":"https:\/\/api.w.org\/{rel}","templated":true}]}}