{"id":24760,"date":"2025-06-11T01:32:26","date_gmt":"2025-06-11T05:32:26","guid":{"rendered":"https:\/\/gretapearls.com\/en\/?post_type=product&#038;p=24760"},"modified":"2026-04-23T19:49:20","modified_gmt":"2026-04-23T23:49:20","slug":"6-mm-hochwertige-biwa-keshi-natur-suswasserperle","status":"publish","type":"product","link":"https:\/\/gretapearls.com\/de\/shop\/6mm-high-quality-biwa-keshi-natural-freshwater-pearl\/","title":{"rendered":"6 mm hochwertige Biwa Keshi nat\u00fcrliche S\u00fc\u00dfwasserperle"},"content":{"rendered":"","protected":false},"excerpt":{"rendered":"<p>Diese 6 mm gro\u00dfen Biwa Keshi S\u00fc\u00dfwasserperlen bestechen durch ihre schlanke, st\u00e4bchenf\u00f6rmige Gestalt, ihren starken nat\u00fcrlichen Glanz und ihre satten, irisierenden Farbt\u00f6ne. Ihre strukturierte Oberfl\u00e4che und die l\u00e4ngliche Form verleihen jedem einzelnen St\u00fcck einen ausdrucksstarken, organischen Look. Ideal f\u00fcr Statement-Schmuck, Lagenketten oder von der Natur inspirierte Designs.<\/p>","protected":false},"featured_media":24753,"comment_status":"open","ping_status":"closed","template":"","meta":[],"product_brand":[],"product_cat":[55],"product_tag":[91,82,85],"class_list":{"0":"post-24760","1":"product","2":"type-product","3":"status-publish","4":"has-post-thumbnail","6":"product_cat-keshi-pearls-wholesale","7":"product_tag-full-drilled-pearls","8":"product_tag-medium-freshwater-pearls-wholesale","9":"product_tag-bulk-string-pearls","10":"pa_color-champagne-pearls","11":"pa_color-purple-pearls","12":"pa_color-white-pearls","13":"pa_shape-biwa-pearls","15":"first","16":"instock","17":"taxable","18":"shipping-taxable","19":"purchasable","20":"product-type-variable"},"tiered_pricing_type":"fixed","tiered_pricing_fixed_rules":[],"tiered_pricing_product_settings":{"layout":"default","base_unit_name":{"singular":null,"plural":null},"default_variation":null},"tiered_pricing_minimum_quantity":null,"tiered_pricing_roles_data":[],"tiered_pricing_percentage_rules":[],"tiered_pricing_maximum_quantity":null,"tiered_pricing_quantity_step":null,"_links":{"self":[{"href":"https:\/\/gretapearls.com\/de\/wp-json\/wp\/v2\/product\/24760","targetHints":{"allow":["GET"]}}],"collection":[{"href":"https:\/\/gretapearls.com\/de\/wp-json\/wp\/v2\/product"}],"about":[{"href":"https:\/\/gretapearls.com\/de\/wp-json\/wp\/v2\/types\/product"}],"replies":[{"embeddable":true,"href":"https:\/\/gretapearls.com\/de\/wp-json\/wp\/v2\/comments?post=24760"}],"wp:featuredmedia":[{"embeddable":true,"href":"https:\/\/gretapearls.com\/de\/wp-json\/wp\/v2\/media\/24753"}],"wp:attachment":[{"href":"https:\/\/gretapearls.com\/de\/wp-json\/wp\/v2\/media?parent=24760"}],"wp:term":[{"taxonomy":"product_brand","embeddable":true,"href":"https:\/\/gretapearls.com\/de\/wp-json\/wp\/v2\/product_brand?post=24760"},{"taxonomy":"product_cat","embeddable":true,"href":"https:\/\/gretapearls.com\/de\/wp-json\/wp\/v2\/product_cat?post=24760"},{"taxonomy":"product_tag","embeddable":true,"href":"https:\/\/gretapearls.com\/de\/wp-json\/wp\/v2\/product_tag?post=24760"}],"curies":[{"name":"wp","href":"https:\/\/api.w.org\/{rel}","templated":true}]}}