{"id":24724,"date":"2025-06-11T01:30:37","date_gmt":"2025-06-11T05:30:37","guid":{"rendered":"https:\/\/gretapearls.com\/en\/?post_type=product&#038;p=24724"},"modified":"2026-02-07T12:21:10","modified_gmt":"2026-02-07T17:21:10","slug":"8-10mm-blutenblattformige-suswasserperlen","status":"publish","type":"product","link":"https:\/\/gretapearls.com\/de\/shop\/8-10mm-petal-keshi-shaped-freshwater-pearl\/","title":{"rendered":"8-10 mm gro\u00dfe, bl\u00fctenblattf\u00f6rmige S\u00fc\u00dfwasserperle in Keshi-Form"},"content":{"rendered":"","protected":false},"excerpt":{"rendered":"<p>Diese 8\u201310 mm gro\u00dfen S\u00fc\u00dfwasserperlen bestechen durch ihre nat\u00fcrliche, bl\u00fctenblattartige Keshi-Form mit unebener Oberfl\u00e4che und einem sanften, cremigen Glanz. Jede Perle ist leicht und schwingt flie\u00dfend, wodurch sie jedem Schmuckst\u00fcck Struktur und Charme verleiht. Perfekt f\u00fcr Lagenketten, Ohrringe im organischen Stil oder floral inspirierte Schmuckst\u00fccke.<\/p>","protected":false},"featured_media":24718,"comment_status":"open","ping_status":"closed","template":"","meta":[],"product_brand":[],"product_cat":[55],"product_tag":[91,83,85],"class_list":{"0":"post-24724","1":"product","2":"type-product","3":"status-publish","4":"has-post-thumbnail","6":"product_cat-keshi-pearls-wholesale","7":"product_tag-full-drilled-pearls","8":"product_tag-large-freshwater-pearls-wholesale","9":"product_tag-bulk-string-pearls","10":"pa_color-white-pearls","11":"pa_shape-petal-pearls","13":"first","14":"instock","15":"taxable","16":"shipping-taxable","17":"purchasable","18":"product-type-simple"},"tiered_pricing_type":"fixed","tiered_pricing_fixed_rules":[],"tiered_pricing_product_settings":{"layout":"default","base_unit_name":{"singular":null,"plural":null},"default_variation":null},"tiered_pricing_minimum_quantity":null,"tiered_pricing_roles_data":[],"tiered_pricing_percentage_rules":[],"tiered_pricing_maximum_quantity":null,"tiered_pricing_quantity_step":null,"_links":{"self":[{"href":"https:\/\/gretapearls.com\/de\/wp-json\/wp\/v2\/product\/24724","targetHints":{"allow":["GET"]}}],"collection":[{"href":"https:\/\/gretapearls.com\/de\/wp-json\/wp\/v2\/product"}],"about":[{"href":"https:\/\/gretapearls.com\/de\/wp-json\/wp\/v2\/types\/product"}],"replies":[{"embeddable":true,"href":"https:\/\/gretapearls.com\/de\/wp-json\/wp\/v2\/comments?post=24724"}],"wp:featuredmedia":[{"embeddable":true,"href":"https:\/\/gretapearls.com\/de\/wp-json\/wp\/v2\/media\/24718"}],"wp:attachment":[{"href":"https:\/\/gretapearls.com\/de\/wp-json\/wp\/v2\/media?parent=24724"}],"wp:term":[{"taxonomy":"product_brand","embeddable":true,"href":"https:\/\/gretapearls.com\/de\/wp-json\/wp\/v2\/product_brand?post=24724"},{"taxonomy":"product_cat","embeddable":true,"href":"https:\/\/gretapearls.com\/de\/wp-json\/wp\/v2\/product_cat?post=24724"},{"taxonomy":"product_tag","embeddable":true,"href":"https:\/\/gretapearls.com\/de\/wp-json\/wp\/v2\/product_tag?post=24724"}],"curies":[{"name":"wp","href":"https:\/\/api.w.org\/{rel}","templated":true}]}}