{"id":24654,"date":"2025-06-11T01:26:00","date_gmt":"2025-06-11T05:26:00","guid":{"rendered":"https:\/\/gretapearls.com\/en\/?post_type=product&#038;p=24654"},"modified":"2026-02-07T12:20:31","modified_gmt":"2026-02-07T17:20:31","slug":"feine-gerunzelte-edison-wassertropfen-barockperlen","status":"publish","type":"product","link":"https:\/\/gretapearls.com\/de\/shop\/fine-wrinkled-edison-water-drop-baroque-pearls\/","title":{"rendered":"Feine, gerunzelte Edison-Wassertropfen-Barockperlen"},"content":{"rendered":"","protected":false},"excerpt":{"rendered":"<p>Diese 11 \u00d7 15 mm gro\u00dfen Edison-Barockperlen bestechen durch ihre tropfenf\u00f6rmige Gestalt mit nat\u00fcrlichen Unebenheiten und einem satten, leuchtenden Glanz. Jede einzelne Perle ist ein echter Blickfang und eignet sich perfekt f\u00fcr Statement-Schmuckst\u00fccke oder ausdrucksstarke Ohrringe. Ideal f\u00fcr Designs, die Textur und Individualit\u00e4t betonen.<\/p>","protected":false},"featured_media":24649,"comment_status":"open","ping_status":"closed","template":"","meta":[],"product_brand":[],"product_cat":[56,124],"product_tag":[91,83,85],"class_list":{"0":"post-24654","1":"product","2":"type-product","3":"status-publish","4":"has-post-thumbnail","6":"product_cat-baroque-pearls-wholesale","7":"product_cat-irregular-pearls","8":"product_tag-full-drilled-pearls","9":"product_tag-large-freshwater-pearls-wholesale","10":"product_tag-bulk-string-pearls","11":"pa_color-white-pearls","12":"pa_shape-teardrop-pearls","14":"first","15":"instock","16":"taxable","17":"shipping-taxable","18":"purchasable","19":"product-type-simple"},"tiered_pricing_type":"fixed","tiered_pricing_fixed_rules":[],"tiered_pricing_product_settings":{"layout":"default","base_unit_name":{"singular":null,"plural":null},"default_variation":null},"tiered_pricing_minimum_quantity":null,"tiered_pricing_roles_data":[],"tiered_pricing_percentage_rules":[],"tiered_pricing_maximum_quantity":null,"tiered_pricing_quantity_step":null,"_links":{"self":[{"href":"https:\/\/gretapearls.com\/de\/wp-json\/wp\/v2\/product\/24654","targetHints":{"allow":["GET"]}}],"collection":[{"href":"https:\/\/gretapearls.com\/de\/wp-json\/wp\/v2\/product"}],"about":[{"href":"https:\/\/gretapearls.com\/de\/wp-json\/wp\/v2\/types\/product"}],"replies":[{"embeddable":true,"href":"https:\/\/gretapearls.com\/de\/wp-json\/wp\/v2\/comments?post=24654"}],"wp:featuredmedia":[{"embeddable":true,"href":"https:\/\/gretapearls.com\/de\/wp-json\/wp\/v2\/media\/24649"}],"wp:attachment":[{"href":"https:\/\/gretapearls.com\/de\/wp-json\/wp\/v2\/media?parent=24654"}],"wp:term":[{"taxonomy":"product_brand","embeddable":true,"href":"https:\/\/gretapearls.com\/de\/wp-json\/wp\/v2\/product_brand?post=24654"},{"taxonomy":"product_cat","embeddable":true,"href":"https:\/\/gretapearls.com\/de\/wp-json\/wp\/v2\/product_cat?post=24654"},{"taxonomy":"product_tag","embeddable":true,"href":"https:\/\/gretapearls.com\/de\/wp-json\/wp\/v2\/product_tag?post=24654"}],"curies":[{"name":"wp","href":"https:\/\/api.w.org\/{rel}","templated":true}]}}