{"id":23944,"date":"2025-05-18T13:17:16","date_gmt":"2025-05-18T17:17:16","guid":{"rendered":"https:\/\/gretapearls.com\/en\/?post_type=product&#038;p=23944"},"modified":"2026-02-07T12:17:59","modified_gmt":"2026-02-07T17:17:59","slug":"hochwertige-frei-geformte-kehsi-suswasserperle","status":"publish","type":"product","link":"https:\/\/gretapearls.com\/de\/shop\/high-quality-free-form-petal-kehsi-freshwater-pearl\/","title":{"rendered":"Hochwertige, frei geformte Kehsi-S\u00fc\u00dfwasserperle"},"content":{"rendered":"","protected":false},"excerpt":{"rendered":"<p>Hochwertige, frei geformte Keshi-S\u00fc\u00dfwasserperlen in Bl\u00fctenblattform, jede mit einer einzigartigen, nat\u00fcrlichen Gestalt. Diese Perlen werden standardm\u00e4\u00dfig ohne Bohrung verkauft; eine Bohrung ist auf Anfrage m\u00f6glich. Ideal f\u00fcr individuelle Schmuckanfertigungen, k\u00fcnstlerische Designs oder Intarsienarbeiten mit organischen, unregelm\u00e4\u00dfigen Formen.<\/p>","protected":false},"featured_media":23939,"comment_status":"open","ping_status":"closed","template":"","meta":[],"product_brand":[],"product_cat":[55],"product_tag":[86,88],"class_list":{"0":"post-23944","1":"product","2":"type-product","3":"status-publish","4":"has-post-thumbnail","6":"product_cat-keshi-pearls-wholesale","7":"product_tag-loose-freshwater-pearls-wholesale","8":"product_tag-no-hole-pearls-bulk","9":"pa_color-white-pearls","10":"pa_shape-freeform-pearls","12":"first","13":"instock","14":"taxable","15":"shipping-taxable","16":"purchasable","17":"product-type-simple"},"tiered_pricing_type":"fixed","tiered_pricing_fixed_rules":[],"tiered_pricing_product_settings":{"layout":"default","base_unit_name":{"singular":null,"plural":null},"default_variation":null},"tiered_pricing_minimum_quantity":null,"tiered_pricing_roles_data":[],"tiered_pricing_percentage_rules":[],"tiered_pricing_maximum_quantity":null,"tiered_pricing_quantity_step":null,"_links":{"self":[{"href":"https:\/\/gretapearls.com\/de\/wp-json\/wp\/v2\/product\/23944","targetHints":{"allow":["GET"]}}],"collection":[{"href":"https:\/\/gretapearls.com\/de\/wp-json\/wp\/v2\/product"}],"about":[{"href":"https:\/\/gretapearls.com\/de\/wp-json\/wp\/v2\/types\/product"}],"replies":[{"embeddable":true,"href":"https:\/\/gretapearls.com\/de\/wp-json\/wp\/v2\/comments?post=23944"}],"wp:featuredmedia":[{"embeddable":true,"href":"https:\/\/gretapearls.com\/de\/wp-json\/wp\/v2\/media\/23939"}],"wp:attachment":[{"href":"https:\/\/gretapearls.com\/de\/wp-json\/wp\/v2\/media?parent=23944"}],"wp:term":[{"taxonomy":"product_brand","embeddable":true,"href":"https:\/\/gretapearls.com\/de\/wp-json\/wp\/v2\/product_brand?post=23944"},{"taxonomy":"product_cat","embeddable":true,"href":"https:\/\/gretapearls.com\/de\/wp-json\/wp\/v2\/product_cat?post=23944"},{"taxonomy":"product_tag","embeddable":true,"href":"https:\/\/gretapearls.com\/de\/wp-json\/wp\/v2\/product_tag?post=23944"}],"curies":[{"name":"wp","href":"https:\/\/api.w.org\/{rel}","templated":true}]}}