{"id":23907,"date":"2025-05-18T13:15:26","date_gmt":"2025-05-18T17:15:26","guid":{"rendered":"https:\/\/gretapearls.com\/en\/?post_type=product&#038;p=23907"},"modified":"2026-02-07T12:17:26","modified_gmt":"2026-02-07T17:17:26","slug":"9-mm-flache-tropfenformige-geruschte-suswasserperle","status":"publish","type":"product","link":"https:\/\/gretapearls.com\/de\/shop\/9mm-flat-teardrop-shaped-ruffled-freshwater-pearl\/","title":{"rendered":"9 mm flache, tropfenf\u00f6rmige, ger\u00fcschte S\u00fc\u00dfwasserperle"},"content":{"rendered":"","protected":false},"excerpt":{"rendered":"<p>Flache, tropfenf\u00f6rmige S\u00fc\u00dfwasserperlen, ca. 9 mm gro\u00df, mit nat\u00fcrlich gewellter Oberfl\u00e4che. Jede 38 cm lange Kette besteht aus etwa 23 Perlen. Die Perlen haben einen sanften Glanz und eignen sich daher f\u00fcr Ohrringe, Anh\u00e4nger oder Schmuckdesigns, die von der Natur inspiriert sind.<\/p>","protected":false},"featured_media":23904,"comment_status":"open","ping_status":"closed","template":"","meta":[],"product_brand":[],"product_cat":[124],"product_tag":[91,83,85],"class_list":{"0":"post-23907","1":"product","2":"type-product","3":"status-publish","4":"has-post-thumbnail","6":"product_cat-irregular-pearls","7":"product_tag-full-drilled-pearls","8":"product_tag-large-freshwater-pearls-wholesale","9":"product_tag-bulk-string-pearls","10":"pa_color-colors-pearls","11":"pa_shape-teardrop-pearls","13":"first","14":"instock","15":"taxable","16":"shipping-taxable","17":"purchasable","18":"product-type-simple"},"tiered_pricing_type":"fixed","tiered_pricing_fixed_rules":[],"tiered_pricing_product_settings":{"layout":"default","base_unit_name":{"singular":null,"plural":null},"default_variation":null},"tiered_pricing_minimum_quantity":null,"tiered_pricing_roles_data":[],"tiered_pricing_percentage_rules":[],"tiered_pricing_maximum_quantity":null,"tiered_pricing_quantity_step":null,"_links":{"self":[{"href":"https:\/\/gretapearls.com\/de\/wp-json\/wp\/v2\/product\/23907","targetHints":{"allow":["GET"]}}],"collection":[{"href":"https:\/\/gretapearls.com\/de\/wp-json\/wp\/v2\/product"}],"about":[{"href":"https:\/\/gretapearls.com\/de\/wp-json\/wp\/v2\/types\/product"}],"replies":[{"embeddable":true,"href":"https:\/\/gretapearls.com\/de\/wp-json\/wp\/v2\/comments?post=23907"}],"wp:featuredmedia":[{"embeddable":true,"href":"https:\/\/gretapearls.com\/de\/wp-json\/wp\/v2\/media\/23904"}],"wp:attachment":[{"href":"https:\/\/gretapearls.com\/de\/wp-json\/wp\/v2\/media?parent=23907"}],"wp:term":[{"taxonomy":"product_brand","embeddable":true,"href":"https:\/\/gretapearls.com\/de\/wp-json\/wp\/v2\/product_brand?post=23907"},{"taxonomy":"product_cat","embeddable":true,"href":"https:\/\/gretapearls.com\/de\/wp-json\/wp\/v2\/product_cat?post=23907"},{"taxonomy":"product_tag","embeddable":true,"href":"https:\/\/gretapearls.com\/de\/wp-json\/wp\/v2\/product_tag?post=23907"}],"curies":[{"name":"wp","href":"https:\/\/api.w.org\/{rel}","templated":true}]}}