{"id":23827,"date":"2025-05-18T12:26:39","date_gmt":"2025-05-18T16:26:39","guid":{"rendered":"https:\/\/gretapearls.com\/en\/?post_type=product&#038;p=23827"},"modified":"2026-02-07T12:16:31","modified_gmt":"2026-02-07T17:16:31","slug":"5-mm-kleine-silberfarbene-blutenblattartige-naturliche-suswasserperle","status":"publish","type":"product","link":"https:\/\/gretapearls.com\/de\/shop\/5mm-silver-light-small-petal-natural-freshwater-pearl\/","title":{"rendered":"5 mm silberfarbene, kleine, bl\u00fctenblattf\u00f6rmige, nat\u00fcrliche S\u00fc\u00dfwasserperle"},"content":{"rendered":"","protected":false},"excerpt":{"rendered":"<p>Kleine, bl\u00fctenblattf\u00f6rmige S\u00fc\u00dfwasserperlen, ca. 5 mm gro\u00df, mit silberfarbenem Glanz. Jede 38 cm lange Kette enth\u00e4lt etwa 118 Perlen. Die Perlen haben unregelm\u00e4\u00dfige, organisch geformte Oberfl\u00e4chenstrukturen und eignen sich daher ideal f\u00fcr Lagen-Schmuck, florale Designs oder dekorative Details.<\/p>","protected":false},"featured_media":23823,"comment_status":"open","ping_status":"closed","template":"","meta":[],"product_brand":[],"product_cat":[55],"product_tag":[90,81,85],"class_list":{"0":"post-23827","1":"product","2":"type-product","3":"status-publish","4":"has-post-thumbnail","6":"product_cat-keshi-pearls-wholesale","7":"product_tag-side-drilled-pearls","8":"product_tag-small-freshwater-pearls-wholesale","9":"product_tag-bulk-string-pearls","10":"pa_color-white-pearls","11":"pa_shape-petal-pearls","13":"first","14":"instock","15":"taxable","16":"shipping-taxable","17":"purchasable","18":"product-type-simple"},"tiered_pricing_type":"fixed","tiered_pricing_fixed_rules":[],"tiered_pricing_product_settings":{"layout":"default","base_unit_name":{"singular":null,"plural":null},"default_variation":null},"tiered_pricing_minimum_quantity":null,"tiered_pricing_roles_data":[],"tiered_pricing_percentage_rules":[],"tiered_pricing_maximum_quantity":null,"tiered_pricing_quantity_step":null,"_links":{"self":[{"href":"https:\/\/gretapearls.com\/de\/wp-json\/wp\/v2\/product\/23827","targetHints":{"allow":["GET"]}}],"collection":[{"href":"https:\/\/gretapearls.com\/de\/wp-json\/wp\/v2\/product"}],"about":[{"href":"https:\/\/gretapearls.com\/de\/wp-json\/wp\/v2\/types\/product"}],"replies":[{"embeddable":true,"href":"https:\/\/gretapearls.com\/de\/wp-json\/wp\/v2\/comments?post=23827"}],"wp:featuredmedia":[{"embeddable":true,"href":"https:\/\/gretapearls.com\/de\/wp-json\/wp\/v2\/media\/23823"}],"wp:attachment":[{"href":"https:\/\/gretapearls.com\/de\/wp-json\/wp\/v2\/media?parent=23827"}],"wp:term":[{"taxonomy":"product_brand","embeddable":true,"href":"https:\/\/gretapearls.com\/de\/wp-json\/wp\/v2\/product_brand?post=23827"},{"taxonomy":"product_cat","embeddable":true,"href":"https:\/\/gretapearls.com\/de\/wp-json\/wp\/v2\/product_cat?post=23827"},{"taxonomy":"product_tag","embeddable":true,"href":"https:\/\/gretapearls.com\/de\/wp-json\/wp\/v2\/product_tag?post=23827"}],"curies":[{"name":"wp","href":"https:\/\/api.w.org\/{rel}","templated":true}]}}