{"id":23799,"date":"2025-05-18T12:25:20","date_gmt":"2025-05-18T16:25:20","guid":{"rendered":"https:\/\/gretapearls.com\/en\/?post_type=product&#038;p=23799"},"modified":"2026-02-08T13:12:49","modified_gmt":"2026-02-08T18:12:49","slug":"4-9-mm-grose-helle-suswasserperlen","status":"publish","type":"product","link":"https:\/\/gretapearls.com\/de\/shop\/4-9mm-strong-light-button-freshwater-pearls\/","title":{"rendered":"4-9 mm starke, leichte S\u00fc\u00dfwasserperlen (Knopfperlen)"},"content":{"rendered":"","protected":false},"excerpt":{"rendered":"<p>Knopff\u00f6rmige S\u00fc\u00dfwasserperlen mit starkem Glanz, erh\u00e4ltlich in Gr\u00f6\u00dfen von 4 mm bis 9 mm. Jede 37 cm lange Kette enth\u00e4lt je nach Gr\u00f6\u00dfe ca. 75 bis 140 Perlen. Die Perlen haben eine einheitliche Form und eine glatte Oberfl\u00e4che und eignen sich f\u00fcr Armb\u00e4nder, Halsketten und andere Schmuckarbeiten, die eine ebene Basis erfordern.<\/p>","protected":false},"featured_media":23789,"comment_status":"open","ping_status":"closed","template":"","meta":[],"product_brand":[],"product_cat":[54],"product_tag":[91,82,85],"class_list":{"0":"post-23799","1":"product","2":"type-product","3":"status-publish","4":"has-post-thumbnail","6":"product_cat-freshwater-pearls-wholesale","7":"product_tag-full-drilled-pearls","8":"product_tag-medium-freshwater-pearls-wholesale","9":"product_tag-bulk-string-pearls","10":"pa_color-white-pearls","11":"pa_shape-button-pearls","13":"first","14":"instock","15":"taxable","16":"shipping-taxable","17":"purchasable","18":"product-type-variable"},"tiered_pricing_type":"fixed","tiered_pricing_fixed_rules":[],"tiered_pricing_product_settings":{"layout":"default","base_unit_name":{"singular":null,"plural":null},"default_variation":null},"tiered_pricing_minimum_quantity":null,"tiered_pricing_roles_data":[],"tiered_pricing_percentage_rules":[],"tiered_pricing_maximum_quantity":null,"tiered_pricing_quantity_step":null,"_links":{"self":[{"href":"https:\/\/gretapearls.com\/de\/wp-json\/wp\/v2\/product\/23799","targetHints":{"allow":["GET"]}}],"collection":[{"href":"https:\/\/gretapearls.com\/de\/wp-json\/wp\/v2\/product"}],"about":[{"href":"https:\/\/gretapearls.com\/de\/wp-json\/wp\/v2\/types\/product"}],"replies":[{"embeddable":true,"href":"https:\/\/gretapearls.com\/de\/wp-json\/wp\/v2\/comments?post=23799"}],"wp:featuredmedia":[{"embeddable":true,"href":"https:\/\/gretapearls.com\/de\/wp-json\/wp\/v2\/media\/23789"}],"wp:attachment":[{"href":"https:\/\/gretapearls.com\/de\/wp-json\/wp\/v2\/media?parent=23799"}],"wp:term":[{"taxonomy":"product_brand","embeddable":true,"href":"https:\/\/gretapearls.com\/de\/wp-json\/wp\/v2\/product_brand?post=23799"},{"taxonomy":"product_cat","embeddable":true,"href":"https:\/\/gretapearls.com\/de\/wp-json\/wp\/v2\/product_cat?post=23799"},{"taxonomy":"product_tag","embeddable":true,"href":"https:\/\/gretapearls.com\/de\/wp-json\/wp\/v2\/product_tag?post=23799"}],"curies":[{"name":"wp","href":"https:\/\/api.w.org\/{rel}","templated":true}]}}