{"id":23788,"date":"2025-05-18T12:24:45","date_gmt":"2025-05-18T16:24:45","guid":{"rendered":"https:\/\/gretapearls.com\/en\/?post_type=product&#038;p=23788"},"modified":"2026-02-07T12:16:20","modified_gmt":"2026-02-07T17:16:20","slug":"820-mm-hochwertige-geradlinige-naturliche-suswasser-biwa-perlen","status":"publish","type":"product","link":"https:\/\/gretapearls.com\/de\/shop\/820mm-high-quality-straight-hole-natural-freshwater-biwa-pearls\/","title":{"rendered":"8 x 20 mm hochwertige, geradlinige, nat\u00fcrliche S\u00fc\u00dfwasser-Biwa-Perlen"},"content":{"rendered":"","protected":false},"excerpt":{"rendered":"<p>Diese Biwa-S\u00fc\u00dfwasserperlen messen ca. 8 \u00d7 20 mm und sind auf einer 38 cm langen Kette mit etwa 17 Perlen aufgef\u00e4delt. Jede Perle hat eine nat\u00fcrlich geformte, unebene Oberfl\u00e4che und ein gerades Bohrloch. Sie eignen sich zur Herstellung von Halsketten, Ohrringen oder anderem handgefertigten Schmuck, der organische Formen betont.<\/p>","protected":false},"featured_media":23784,"comment_status":"open","ping_status":"closed","template":"","meta":[],"product_brand":[],"product_cat":[124],"product_tag":[91,82,85],"class_list":{"0":"post-23788","1":"product","2":"type-product","3":"status-publish","4":"has-post-thumbnail","6":"product_cat-irregular-pearls","7":"product_tag-full-drilled-pearls","8":"product_tag-medium-freshwater-pearls-wholesale","9":"product_tag-bulk-string-pearls","10":"pa_color-white-pearls","11":"pa_shape-biwa-pearls","13":"first","14":"instock","15":"taxable","16":"shipping-taxable","17":"purchasable","18":"product-type-simple"},"tiered_pricing_type":"fixed","tiered_pricing_fixed_rules":[],"tiered_pricing_product_settings":{"layout":"default","base_unit_name":{"singular":null,"plural":null},"default_variation":null},"tiered_pricing_minimum_quantity":null,"tiered_pricing_roles_data":[],"tiered_pricing_percentage_rules":[],"tiered_pricing_maximum_quantity":null,"tiered_pricing_quantity_step":null,"_links":{"self":[{"href":"https:\/\/gretapearls.com\/de\/wp-json\/wp\/v2\/product\/23788","targetHints":{"allow":["GET"]}}],"collection":[{"href":"https:\/\/gretapearls.com\/de\/wp-json\/wp\/v2\/product"}],"about":[{"href":"https:\/\/gretapearls.com\/de\/wp-json\/wp\/v2\/types\/product"}],"replies":[{"embeddable":true,"href":"https:\/\/gretapearls.com\/de\/wp-json\/wp\/v2\/comments?post=23788"}],"wp:featuredmedia":[{"embeddable":true,"href":"https:\/\/gretapearls.com\/de\/wp-json\/wp\/v2\/media\/23784"}],"wp:attachment":[{"href":"https:\/\/gretapearls.com\/de\/wp-json\/wp\/v2\/media?parent=23788"}],"wp:term":[{"taxonomy":"product_brand","embeddable":true,"href":"https:\/\/gretapearls.com\/de\/wp-json\/wp\/v2\/product_brand?post=23788"},{"taxonomy":"product_cat","embeddable":true,"href":"https:\/\/gretapearls.com\/de\/wp-json\/wp\/v2\/product_cat?post=23788"},{"taxonomy":"product_tag","embeddable":true,"href":"https:\/\/gretapearls.com\/de\/wp-json\/wp\/v2\/product_tag?post=23788"}],"curies":[{"name":"wp","href":"https:\/\/api.w.org\/{rel}","templated":true}]}}