{"id":21002,"date":"2025-02-02T01:21:14","date_gmt":"2025-02-02T05:21:14","guid":{"rendered":"https:\/\/gretapearls.com\/?post_type=product&#038;p=21002"},"modified":"2026-02-07T13:39:25","modified_gmt":"2026-02-07T18:39:25","slug":"barocke-herz-ohrringe-mit-suswasserperlen-grospackung","status":"publish","type":"product","link":"https:\/\/gretapearls.com\/de\/shop\/baroque-heart-freshwater-pearl-earrings-bulk\/","title":{"rendered":"Barocke Herz-Ohrringe mit S\u00fc\u00dfwasserperlen (Gro\u00dfpackung)"},"content":{"rendered":"","protected":false},"excerpt":{"rendered":"<p>10\u201311 mm gro\u00dfe, nat\u00fcrliche S\u00fc\u00dfwasser-Barockperlen mit 925er Silbernieten in Herzform. Perfekt f\u00fcr exklusive Kollektionen oder Schmuck-Branding-Projekte mit k\u00fcnstlerischem Anspruch.<\/p>","protected":false},"featured_media":20998,"comment_status":"open","ping_status":"closed","template":"","meta":[],"product_brand":[],"product_cat":[93,97],"product_tag":[],"class_list":{"0":"post-21002","1":"product","2":"type-product","3":"status-publish","4":"has-post-thumbnail","6":"product_cat-wholesale-pearl-earrings","7":"product_cat-wholesale-stud-earrings","9":"first","10":"instock","11":"taxable","12":"shipping-taxable","13":"purchasable","14":"product-type-simple"},"tiered_pricing_type":"fixed","tiered_pricing_fixed_rules":[],"tiered_pricing_product_settings":{"layout":"default","base_unit_name":{"singular":null,"plural":null},"default_variation":null},"tiered_pricing_minimum_quantity":null,"tiered_pricing_roles_data":[],"tiered_pricing_percentage_rules":[],"tiered_pricing_maximum_quantity":null,"tiered_pricing_quantity_step":null,"_links":{"self":[{"href":"https:\/\/gretapearls.com\/de\/wp-json\/wp\/v2\/product\/21002","targetHints":{"allow":["GET"]}}],"collection":[{"href":"https:\/\/gretapearls.com\/de\/wp-json\/wp\/v2\/product"}],"about":[{"href":"https:\/\/gretapearls.com\/de\/wp-json\/wp\/v2\/types\/product"}],"replies":[{"embeddable":true,"href":"https:\/\/gretapearls.com\/de\/wp-json\/wp\/v2\/comments?post=21002"}],"wp:featuredmedia":[{"embeddable":true,"href":"https:\/\/gretapearls.com\/de\/wp-json\/wp\/v2\/media\/20998"}],"wp:attachment":[{"href":"https:\/\/gretapearls.com\/de\/wp-json\/wp\/v2\/media?parent=21002"}],"wp:term":[{"taxonomy":"product_brand","embeddable":true,"href":"https:\/\/gretapearls.com\/de\/wp-json\/wp\/v2\/product_brand?post=21002"},{"taxonomy":"product_cat","embeddable":true,"href":"https:\/\/gretapearls.com\/de\/wp-json\/wp\/v2\/product_cat?post=21002"},{"taxonomy":"product_tag","embeddable":true,"href":"https:\/\/gretapearls.com\/de\/wp-json\/wp\/v2\/product_tag?post=21002"}],"curies":[{"name":"wp","href":"https:\/\/api.w.org\/{rel}","templated":true}]}}