{"id":20289,"date":"2024-12-30T12:20:18","date_gmt":"2024-12-30T16:20:18","guid":{"rendered":"https:\/\/gretapearls.com\/?post_type=product&#038;p=20289"},"modified":"2026-02-07T13:27:22","modified_gmt":"2026-02-07T18:27:22","slug":"verschlussverbinder-aus-925er-silber-fur-anhanger-und-armband","status":"publish","type":"product","link":"https:\/\/gretapearls.com\/de\/shop\/s925-silver-necklace-clasp-connector-for-pendant-and-bracelet\/","title":{"rendered":"S925 Silber Halskettenverschluss f\u00fcr Anh\u00e4nger und Armband"},"content":{"rendered":"","protected":false},"excerpt":{"rendered":"<p>Dieser Verschluss aus 925er Silber besticht durch sein elegantes, poliertes Design und ist in Gold, Silber und Ros\u00e9gold erh\u00e4ltlich. Er gew\u00e4hrleistet eine sichere und stilvolle Befestigung. Ideal zum Versch\u00f6nern von Halsketten, Anh\u00e4ngern und Armb\u00e4ndern, harmoniert er perfekt mit einer Vielzahl von Schmuckst\u00fccken \u2013 von zarten Modellen bis hin zu auff\u00e4lligen Statement-Pieces.<\/p>","protected":false},"featured_media":20285,"comment_status":"open","ping_status":"closed","template":"","meta":[],"product_brand":[],"product_cat":[114],"product_tag":[],"class_list":{"0":"post-20289","1":"product","2":"type-product","3":"status-publish","4":"has-post-thumbnail","6":"product_cat-wholesale-jewelry-clasps","8":"first","9":"instock","10":"taxable","11":"shipping-taxable","12":"purchasable","13":"product-type-variable"},"tiered_pricing_type":"fixed","tiered_pricing_fixed_rules":[],"tiered_pricing_product_settings":{"layout":"default","base_unit_name":{"singular":null,"plural":null},"default_variation":null},"tiered_pricing_minimum_quantity":null,"tiered_pricing_roles_data":[],"tiered_pricing_percentage_rules":[],"tiered_pricing_maximum_quantity":null,"tiered_pricing_quantity_step":null,"_links":{"self":[{"href":"https:\/\/gretapearls.com\/de\/wp-json\/wp\/v2\/product\/20289","targetHints":{"allow":["GET"]}}],"collection":[{"href":"https:\/\/gretapearls.com\/de\/wp-json\/wp\/v2\/product"}],"about":[{"href":"https:\/\/gretapearls.com\/de\/wp-json\/wp\/v2\/types\/product"}],"replies":[{"embeddable":true,"href":"https:\/\/gretapearls.com\/de\/wp-json\/wp\/v2\/comments?post=20289"}],"wp:featuredmedia":[{"embeddable":true,"href":"https:\/\/gretapearls.com\/de\/wp-json\/wp\/v2\/media\/20285"}],"wp:attachment":[{"href":"https:\/\/gretapearls.com\/de\/wp-json\/wp\/v2\/media?parent=20289"}],"wp:term":[{"taxonomy":"product_brand","embeddable":true,"href":"https:\/\/gretapearls.com\/de\/wp-json\/wp\/v2\/product_brand?post=20289"},{"taxonomy":"product_cat","embeddable":true,"href":"https:\/\/gretapearls.com\/de\/wp-json\/wp\/v2\/product_cat?post=20289"},{"taxonomy":"product_tag","embeddable":true,"href":"https:\/\/gretapearls.com\/de\/wp-json\/wp\/v2\/product_tag?post=20289"}],"curies":[{"name":"wp","href":"https:\/\/api.w.org\/{rel}","templated":true}]}}