{"id":17995,"date":"2024-09-26T11:34:45","date_gmt":"2024-09-26T15:34:45","guid":{"rendered":"https:\/\/gretapearls.com\/?post_type=product&#038;p=17995"},"modified":"2026-02-07T13:27:08","modified_gmt":"2026-02-07T18:27:08","slug":"s925-silber-vergoldeter-zirkon-herzverschluss-fur-halskette","status":"publish","type":"product","link":"https:\/\/gretapearls.com\/de\/shop\/s925-silver-gold-plated-zircon-heart-clasp-for-necklace\/","title":{"rendered":"S925 Silber, vergoldeter Zirkon-Herzverschluss f\u00fcr Halskette"},"content":{"rendered":"","protected":false},"excerpt":{"rendered":"<p>Dieser herzf\u00f6rmige Verschluss aus 925er Sterlingsilber mit Goldplattierung ist mit funkelnden Zirkonia verziert und vereint Eleganz und Funktionalit\u00e4t. Er eignet sich perfekt f\u00fcr Halsketten oder Armb\u00e4nder und passt mit seinem sicheren und stilvollen Design ideal zu modernen, romantischen oder minimalistischen Schmuckstilen.<\/p>","protected":false},"featured_media":17990,"comment_status":"open","ping_status":"closed","template":"","meta":[],"product_brand":[],"product_cat":[114],"product_tag":[],"class_list":{"0":"post-17995","1":"product","2":"type-product","3":"status-publish","4":"has-post-thumbnail","6":"product_cat-wholesale-jewelry-clasps","8":"first","9":"instock","10":"taxable","11":"shipping-taxable","12":"purchasable","13":"product-type-variable"},"tiered_pricing_type":"fixed","tiered_pricing_fixed_rules":[],"tiered_pricing_product_settings":{"layout":"default","base_unit_name":{"singular":null,"plural":null},"default_variation":null},"tiered_pricing_minimum_quantity":null,"tiered_pricing_roles_data":[],"tiered_pricing_percentage_rules":[],"tiered_pricing_maximum_quantity":null,"tiered_pricing_quantity_step":null,"_links":{"self":[{"href":"https:\/\/gretapearls.com\/de\/wp-json\/wp\/v2\/product\/17995","targetHints":{"allow":["GET"]}}],"collection":[{"href":"https:\/\/gretapearls.com\/de\/wp-json\/wp\/v2\/product"}],"about":[{"href":"https:\/\/gretapearls.com\/de\/wp-json\/wp\/v2\/types\/product"}],"replies":[{"embeddable":true,"href":"https:\/\/gretapearls.com\/de\/wp-json\/wp\/v2\/comments?post=17995"}],"wp:featuredmedia":[{"embeddable":true,"href":"https:\/\/gretapearls.com\/de\/wp-json\/wp\/v2\/media\/17990"}],"wp:attachment":[{"href":"https:\/\/gretapearls.com\/de\/wp-json\/wp\/v2\/media?parent=17995"}],"wp:term":[{"taxonomy":"product_brand","embeddable":true,"href":"https:\/\/gretapearls.com\/de\/wp-json\/wp\/v2\/product_brand?post=17995"},{"taxonomy":"product_cat","embeddable":true,"href":"https:\/\/gretapearls.com\/de\/wp-json\/wp\/v2\/product_cat?post=17995"},{"taxonomy":"product_tag","embeddable":true,"href":"https:\/\/gretapearls.com\/de\/wp-json\/wp\/v2\/product_tag?post=17995"}],"curies":[{"name":"wp","href":"https:\/\/api.w.org\/{rel}","templated":true}]}}