{"id":17697,"date":"2024-09-26T11:20:47","date_gmt":"2024-09-26T15:20:47","guid":{"rendered":"https:\/\/gretapearls.com\/?post_type=product&#038;p=17697"},"modified":"2026-02-07T13:26:59","modified_gmt":"2026-02-07T18:26:59","slug":"runder-doppelringverschluss-aus-925er-silber-fur-perlenkette","status":"publish","type":"product","link":"https:\/\/gretapearls.com\/de\/shop\/s925-silver-round-double-ring-clasp-for-pearl-necklace\/","title":{"rendered":"Runder Doppelringverschluss aus 925er Silber f\u00fcr Perlenkette"},"content":{"rendered":"","protected":false},"excerpt":{"rendered":"<p>Dieser runde Doppelringverschluss aus hochwertigem 925er Sterlingsilber besticht durch sein elegantes Design und ist in Silber- und Goldt\u00f6nen erh\u00e4ltlich. Er bietet Langlebigkeit und sicheren Halt f\u00fcr Perlenketten und ist das ideale Accessoire, um klassische wie moderne Perlenketten stilvoll und funktional zu erg\u00e4nzen.<\/p>","protected":false},"featured_media":17692,"comment_status":"open","ping_status":"closed","template":"","meta":[],"product_brand":[],"product_cat":[114],"product_tag":[],"class_list":{"0":"post-17697","1":"product","2":"type-product","3":"status-publish","4":"has-post-thumbnail","6":"product_cat-wholesale-jewelry-clasps","8":"first","9":"instock","10":"taxable","11":"shipping-taxable","12":"purchasable","13":"product-type-variable"},"tiered_pricing_type":"fixed","tiered_pricing_fixed_rules":[],"tiered_pricing_product_settings":{"layout":"default","base_unit_name":{"singular":null,"plural":null},"default_variation":null},"tiered_pricing_minimum_quantity":null,"tiered_pricing_roles_data":[],"tiered_pricing_percentage_rules":[],"tiered_pricing_maximum_quantity":null,"tiered_pricing_quantity_step":null,"_links":{"self":[{"href":"https:\/\/gretapearls.com\/de\/wp-json\/wp\/v2\/product\/17697","targetHints":{"allow":["GET"]}}],"collection":[{"href":"https:\/\/gretapearls.com\/de\/wp-json\/wp\/v2\/product"}],"about":[{"href":"https:\/\/gretapearls.com\/de\/wp-json\/wp\/v2\/types\/product"}],"replies":[{"embeddable":true,"href":"https:\/\/gretapearls.com\/de\/wp-json\/wp\/v2\/comments?post=17697"}],"wp:featuredmedia":[{"embeddable":true,"href":"https:\/\/gretapearls.com\/de\/wp-json\/wp\/v2\/media\/17692"}],"wp:attachment":[{"href":"https:\/\/gretapearls.com\/de\/wp-json\/wp\/v2\/media?parent=17697"}],"wp:term":[{"taxonomy":"product_brand","embeddable":true,"href":"https:\/\/gretapearls.com\/de\/wp-json\/wp\/v2\/product_brand?post=17697"},{"taxonomy":"product_cat","embeddable":true,"href":"https:\/\/gretapearls.com\/de\/wp-json\/wp\/v2\/product_cat?post=17697"},{"taxonomy":"product_tag","embeddable":true,"href":"https:\/\/gretapearls.com\/de\/wp-json\/wp\/v2\/product_tag?post=17697"}],"curies":[{"name":"wp","href":"https:\/\/api.w.org\/{rel}","templated":true}]}}