{"id":17657,"date":"2024-09-26T11:18:46","date_gmt":"2024-09-26T15:18:46","guid":{"rendered":"https:\/\/gretapearls.com\/?post_type=product&#038;p=17657"},"modified":"2026-02-07T13:26:56","modified_gmt":"2026-02-07T18:26:56","slug":"prazisions-rundverschluss-aus-925er-silber-fur-halsketten","status":"publish","type":"product","link":"https:\/\/gretapearls.com\/de\/shop\/s925-silver-precision-round-ot-clasp-for-necklace\/","title":{"rendered":"Pr\u00e4zisions-Rundverschluss aus 925er Silber f\u00fcr Halsketten"},"content":{"rendered":"","protected":false},"excerpt":{"rendered":"<p>Dieser pr\u00e4zise runde OT-Verschluss aus 925er Sterlingsilber besticht durch seine polierte, goldfarbene Oberfl\u00e4che mit fein strukturierten Akzenten und sorgt f\u00fcr einen eleganten und sicheren Verschluss. Er eignet sich perfekt, um die Funktionalit\u00e4t und Eleganz von Halsketten und Armb\u00e4ndern in klassischen, minimalistischen und modernen Schmuckstilen zu unterstreichen.<\/p>","protected":false},"featured_media":17652,"comment_status":"open","ping_status":"closed","template":"","meta":[],"product_brand":[],"product_cat":[114],"product_tag":[],"class_list":{"0":"post-17657","1":"product","2":"type-product","3":"status-publish","4":"has-post-thumbnail","6":"product_cat-wholesale-jewelry-clasps","8":"first","9":"instock","10":"taxable","11":"shipping-taxable","12":"purchasable","13":"product-type-variable"},"tiered_pricing_type":"fixed","tiered_pricing_fixed_rules":[],"tiered_pricing_product_settings":{"layout":"default","base_unit_name":{"singular":null,"plural":null},"default_variation":null},"tiered_pricing_minimum_quantity":null,"tiered_pricing_roles_data":[],"tiered_pricing_percentage_rules":[],"tiered_pricing_maximum_quantity":null,"tiered_pricing_quantity_step":null,"_links":{"self":[{"href":"https:\/\/gretapearls.com\/de\/wp-json\/wp\/v2\/product\/17657","targetHints":{"allow":["GET"]}}],"collection":[{"href":"https:\/\/gretapearls.com\/de\/wp-json\/wp\/v2\/product"}],"about":[{"href":"https:\/\/gretapearls.com\/de\/wp-json\/wp\/v2\/types\/product"}],"replies":[{"embeddable":true,"href":"https:\/\/gretapearls.com\/de\/wp-json\/wp\/v2\/comments?post=17657"}],"wp:featuredmedia":[{"embeddable":true,"href":"https:\/\/gretapearls.com\/de\/wp-json\/wp\/v2\/media\/17652"}],"wp:attachment":[{"href":"https:\/\/gretapearls.com\/de\/wp-json\/wp\/v2\/media?parent=17657"}],"wp:term":[{"taxonomy":"product_brand","embeddable":true,"href":"https:\/\/gretapearls.com\/de\/wp-json\/wp\/v2\/product_brand?post=17657"},{"taxonomy":"product_cat","embeddable":true,"href":"https:\/\/gretapearls.com\/de\/wp-json\/wp\/v2\/product_cat?post=17657"},{"taxonomy":"product_tag","embeddable":true,"href":"https:\/\/gretapearls.com\/de\/wp-json\/wp\/v2\/product_tag?post=17657"}],"curies":[{"name":"wp","href":"https:\/\/api.w.org\/{rel}","templated":true}]}}