{"id":17616,"date":"2024-09-26T11:15:40","date_gmt":"2024-09-26T15:15:40","guid":{"rendered":"https:\/\/gretapearls.com\/?post_type=product&#038;p=17616"},"modified":"2026-02-07T13:26:56","modified_gmt":"2026-02-07T18:26:56","slug":"s925-versilberter-achtformiger-halskettenverschluss","status":"publish","type":"product","link":"https:\/\/gretapearls.com\/de\/shop\/s925-silver-plated-figure-8-necklace-clasp-connector\/","title":{"rendered":"S925 versilberter, achtf\u00f6rmiger Halskettenverschluss"},"content":{"rendered":"","protected":false},"excerpt":{"rendered":"<p>Der silberplattierte Achterverschluss aus 925er Sterlingsilber besticht durch sein elegantes Design und ist auch in zweifarbiger Ausf\u00fchrung erh\u00e4ltlich. Er vereint sichere Funktionalit\u00e4t mit einem stilvollen Akzent und eignet sich perfekt f\u00fcr Schmuckprojekte im modernen, klassischen oder minimalistischen Stil.<\/p>","protected":false},"featured_media":17611,"comment_status":"open","ping_status":"closed","template":"","meta":[],"product_brand":[],"product_cat":[114],"product_tag":[],"class_list":{"0":"post-17616","1":"product","2":"type-product","3":"status-publish","4":"has-post-thumbnail","6":"product_cat-wholesale-jewelry-clasps","8":"first","9":"instock","10":"taxable","11":"shipping-taxable","12":"purchasable","13":"product-type-variable"},"tiered_pricing_type":"fixed","tiered_pricing_fixed_rules":[],"tiered_pricing_product_settings":{"layout":"default","base_unit_name":{"singular":null,"plural":null},"default_variation":null},"tiered_pricing_minimum_quantity":null,"tiered_pricing_roles_data":[],"tiered_pricing_percentage_rules":[],"tiered_pricing_maximum_quantity":null,"tiered_pricing_quantity_step":null,"_links":{"self":[{"href":"https:\/\/gretapearls.com\/de\/wp-json\/wp\/v2\/product\/17616","targetHints":{"allow":["GET"]}}],"collection":[{"href":"https:\/\/gretapearls.com\/de\/wp-json\/wp\/v2\/product"}],"about":[{"href":"https:\/\/gretapearls.com\/de\/wp-json\/wp\/v2\/types\/product"}],"replies":[{"embeddable":true,"href":"https:\/\/gretapearls.com\/de\/wp-json\/wp\/v2\/comments?post=17616"}],"wp:featuredmedia":[{"embeddable":true,"href":"https:\/\/gretapearls.com\/de\/wp-json\/wp\/v2\/media\/17611"}],"wp:attachment":[{"href":"https:\/\/gretapearls.com\/de\/wp-json\/wp\/v2\/media?parent=17616"}],"wp:term":[{"taxonomy":"product_brand","embeddable":true,"href":"https:\/\/gretapearls.com\/de\/wp-json\/wp\/v2\/product_brand?post=17616"},{"taxonomy":"product_cat","embeddable":true,"href":"https:\/\/gretapearls.com\/de\/wp-json\/wp\/v2\/product_cat?post=17616"},{"taxonomy":"product_tag","embeddable":true,"href":"https:\/\/gretapearls.com\/de\/wp-json\/wp\/v2\/product_tag?post=17616"}],"curies":[{"name":"wp","href":"https:\/\/api.w.org\/{rel}","templated":true}]}}