{"id":16824,"date":"2024-09-21T02:41:12","date_gmt":"2024-09-21T06:41:12","guid":{"rendered":"https:\/\/gretapearls.com\/?post_type=product&#038;p=16824"},"modified":"2026-04-28T20:21:42","modified_gmt":"2026-04-29T00:21:42","slug":"11-13-mm-grose-freigeformte-barock-naturperlen-in-verschiedenen-farben","status":"publish","type":"product","link":"https:\/\/gretapearls.com\/de\/shop\/11-13mm-mixed-color-freeform-baroque-natural-pearls\/","title":{"rendered":"11-13 mm gemischtfarbige, freigeformte Barock-Naturperlen"},"content":{"rendered":"","protected":false},"excerpt":{"rendered":"<p>Gro\u00dfe Edison-S\u00fc\u00dfwasserperlen mit \u00fcberwiegend runder Form und einem Durchmesser von ca. 11\u201313 mm. Die ca. 40 cm lange Kette weist einige Unregelm\u00e4\u00dfigkeiten auf. Die Oberfl\u00e4che hat nat\u00fcrlich entstandene Falten, nur wenige Perlen sind besch\u00e4digt. Die Perlen sind in den Farben Lila und Champagner erh\u00e4ltlich.<\/p>","protected":false},"featured_media":16818,"comment_status":"open","ping_status":"closed","template":"","meta":[],"product_brand":[],"product_cat":[57],"product_tag":[91,83,85],"class_list":{"0":"post-16824","1":"product","2":"type-product","3":"status-publish","4":"has-post-thumbnail","6":"product_cat-edison-pearls-wholesale","7":"product_tag-full-drilled-pearls","8":"product_tag-large-freshwater-pearls-wholesale","9":"product_tag-bulk-string-pearls","10":"pa_color-champagne-pearls","11":"pa_color-purple-pearls","12":"pa_shape-round-pearls","14":"first","15":"instock","16":"taxable","17":"shipping-taxable","18":"purchasable","19":"product-type-variable"},"tiered_pricing_type":"fixed","tiered_pricing_fixed_rules":[],"tiered_pricing_product_settings":{"layout":"default","base_unit_name":{"singular":null,"plural":null},"default_variation":null},"tiered_pricing_minimum_quantity":null,"tiered_pricing_roles_data":[],"tiered_pricing_percentage_rules":[],"tiered_pricing_maximum_quantity":null,"tiered_pricing_quantity_step":null,"_links":{"self":[{"href":"https:\/\/gretapearls.com\/de\/wp-json\/wp\/v2\/product\/16824","targetHints":{"allow":["GET"]}}],"collection":[{"href":"https:\/\/gretapearls.com\/de\/wp-json\/wp\/v2\/product"}],"about":[{"href":"https:\/\/gretapearls.com\/de\/wp-json\/wp\/v2\/types\/product"}],"replies":[{"embeddable":true,"href":"https:\/\/gretapearls.com\/de\/wp-json\/wp\/v2\/comments?post=16824"}],"wp:featuredmedia":[{"embeddable":true,"href":"https:\/\/gretapearls.com\/de\/wp-json\/wp\/v2\/media\/16818"}],"wp:attachment":[{"href":"https:\/\/gretapearls.com\/de\/wp-json\/wp\/v2\/media?parent=16824"}],"wp:term":[{"taxonomy":"product_brand","embeddable":true,"href":"https:\/\/gretapearls.com\/de\/wp-json\/wp\/v2\/product_brand?post=16824"},{"taxonomy":"product_cat","embeddable":true,"href":"https:\/\/gretapearls.com\/de\/wp-json\/wp\/v2\/product_cat?post=16824"},{"taxonomy":"product_tag","embeddable":true,"href":"https:\/\/gretapearls.com\/de\/wp-json\/wp\/v2\/product_tag?post=16824"}],"curies":[{"name":"wp","href":"https:\/\/api.w.org\/{rel}","templated":true}]}}