{"id":16543,"date":"2024-09-20T12:51:41","date_gmt":"2024-09-20T16:51:41","guid":{"rendered":"https:\/\/gretapearls.com\/?post_type=product&#038;p=16543"},"modified":"2026-02-07T12:10:40","modified_gmt":"2026-02-07T17:10:40","slug":"7-9-mm-grose-barocke-suswasserperlen-in-kurbisform","status":"publish","type":"product","link":"https:\/\/gretapearls.com\/de\/shop\/7-9mm-gourd-baroque-natural-freshwater-pearls\/","title":{"rendered":"7-9 mm gro\u00dfe, barocke S\u00fc\u00dfwasserperlen in K\u00fcrbisform"},"content":{"rendered":"","protected":false},"excerpt":{"rendered":"<p>K\u00fcrbisf\u00f6rmige S\u00fc\u00dfwasserperlen mit relativ einheitlicher Form, bestehend aus zwei nat\u00fcrlich zusammengewachsenen Perlen, mit einem Durchmesser von etwa 7\u20139 mm. Die Perlenkette ist ca. 37\u201338 cm lang und weist eine glatte Oberfl\u00e4che mit nat\u00fcrlich entstandenen Falten auf.<\/p>","protected":false},"featured_media":16538,"comment_status":"open","ping_status":"closed","template":"","meta":[],"product_brand":[],"product_cat":[124],"product_tag":[91,82,85],"class_list":{"0":"post-16543","1":"product","2":"type-product","3":"status-publish","4":"has-post-thumbnail","6":"product_cat-irregular-pearls","7":"product_tag-full-drilled-pearls","8":"product_tag-medium-freshwater-pearls-wholesale","9":"product_tag-bulk-string-pearls","10":"pa_color-white-pearls","11":"pa_shape-freeform-pearls","13":"first","14":"instock","15":"taxable","16":"shipping-taxable","17":"purchasable","18":"product-type-simple"},"tiered_pricing_type":"fixed","tiered_pricing_fixed_rules":[],"tiered_pricing_product_settings":{"layout":"default","base_unit_name":{"singular":null,"plural":null},"default_variation":null},"tiered_pricing_minimum_quantity":null,"tiered_pricing_roles_data":[],"tiered_pricing_percentage_rules":[],"tiered_pricing_maximum_quantity":null,"tiered_pricing_quantity_step":null,"_links":{"self":[{"href":"https:\/\/gretapearls.com\/de\/wp-json\/wp\/v2\/product\/16543","targetHints":{"allow":["GET"]}}],"collection":[{"href":"https:\/\/gretapearls.com\/de\/wp-json\/wp\/v2\/product"}],"about":[{"href":"https:\/\/gretapearls.com\/de\/wp-json\/wp\/v2\/types\/product"}],"replies":[{"embeddable":true,"href":"https:\/\/gretapearls.com\/de\/wp-json\/wp\/v2\/comments?post=16543"}],"wp:featuredmedia":[{"embeddable":true,"href":"https:\/\/gretapearls.com\/de\/wp-json\/wp\/v2\/media\/16538"}],"wp:attachment":[{"href":"https:\/\/gretapearls.com\/de\/wp-json\/wp\/v2\/media?parent=16543"}],"wp:term":[{"taxonomy":"product_brand","embeddable":true,"href":"https:\/\/gretapearls.com\/de\/wp-json\/wp\/v2\/product_brand?post=16543"},{"taxonomy":"product_cat","embeddable":true,"href":"https:\/\/gretapearls.com\/de\/wp-json\/wp\/v2\/product_cat?post=16543"},{"taxonomy":"product_tag","embeddable":true,"href":"https:\/\/gretapearls.com\/de\/wp-json\/wp\/v2\/product_tag?post=16543"}],"curies":[{"name":"wp","href":"https:\/\/api.w.org\/{rel}","templated":true}]}}