{"id":16383,"date":"2024-09-20T12:27:31","date_gmt":"2024-09-20T16:27:31","guid":{"rendered":"https:\/\/mk.gretapearls.com\/?post_type=product&#038;p=16383"},"modified":"2026-02-07T14:41:37","modified_gmt":"2026-02-07T19:41:37","slug":"5-6-mm-runde-vollstandig-gebohrte-suswasserzuchtperlen","status":"publish","type":"product","link":"https:\/\/gretapearls.com\/de\/shop\/5-6mm-round-full-drilled-cultured-freshwater-pearls\/","title":{"rendered":"5-6 mm nahezu runde, vollst\u00e4ndig gebohrte S\u00fc\u00dfwasserperlen"},"content":{"rendered":"","protected":false},"excerpt":{"rendered":"<p>Natural cultured freshwater pearls in white, nearly round in shape, measuring approximately 5-6mm. The strand is about 38cm long, featuring a smooth surface with minimal imperfections and a high gloss finish.<\/p>","protected":false},"featured_media":16378,"comment_status":"open","ping_status":"closed","template":"","meta":[],"product_brand":[],"product_cat":[54],"product_tag":[91,82,85],"class_list":{"0":"post-16383","1":"product","2":"type-product","3":"status-publish","4":"has-post-thumbnail","6":"product_cat-freshwater-pearls-wholesale","7":"product_tag-full-drilled-pearls","8":"product_tag-medium-freshwater-pearls-wholesale","9":"product_tag-bulk-string-pearls","10":"pa_color-white-pearls","11":"pa_shape-round-pearls","13":"first","14":"instock","15":"taxable","16":"shipping-taxable","17":"purchasable","18":"product-type-simple"},"tiered_pricing_type":"fixed","tiered_pricing_fixed_rules":[],"tiered_pricing_product_settings":{"layout":"default","base_unit_name":{"singular":null,"plural":null},"default_variation":null},"tiered_pricing_minimum_quantity":null,"tiered_pricing_roles_data":[],"tiered_pricing_percentage_rules":[],"tiered_pricing_maximum_quantity":null,"tiered_pricing_quantity_step":null,"_links":{"self":[{"href":"https:\/\/gretapearls.com\/de\/wp-json\/wp\/v2\/product\/16383","targetHints":{"allow":["GET"]}}],"collection":[{"href":"https:\/\/gretapearls.com\/de\/wp-json\/wp\/v2\/product"}],"about":[{"href":"https:\/\/gretapearls.com\/de\/wp-json\/wp\/v2\/types\/product"}],"replies":[{"embeddable":true,"href":"https:\/\/gretapearls.com\/de\/wp-json\/wp\/v2\/comments?post=16383"}],"wp:featuredmedia":[{"embeddable":true,"href":"https:\/\/gretapearls.com\/de\/wp-json\/wp\/v2\/media\/16378"}],"wp:attachment":[{"href":"https:\/\/gretapearls.com\/de\/wp-json\/wp\/v2\/media?parent=16383"}],"wp:term":[{"taxonomy":"product_brand","embeddable":true,"href":"https:\/\/gretapearls.com\/de\/wp-json\/wp\/v2\/product_brand?post=16383"},{"taxonomy":"product_cat","embeddable":true,"href":"https:\/\/gretapearls.com\/de\/wp-json\/wp\/v2\/product_cat?post=16383"},{"taxonomy":"product_tag","embeddable":true,"href":"https:\/\/gretapearls.com\/de\/wp-json\/wp\/v2\/product_tag?post=16383"}],"curies":[{"name":"wp","href":"https:\/\/api.w.org\/{rel}","templated":true}]}}