{"id":16238,"date":"2024-09-20T12:06:10","date_gmt":"2024-09-20T16:06:10","guid":{"rendered":"https:\/\/gretapearls.com\/?post_type=product&#038;p=16238"},"modified":"2026-02-07T12:05:37","modified_gmt":"2026-02-07T17:05:37","slug":"7-8-mm-mini-suswasserzuchtperlen-in-blutenblattform","status":"publish","type":"product","link":"https:\/\/gretapearls.com\/de\/shop\/7-8mm-mini-freshwater-cultured-petal-pearls\/","title":{"rendered":"7-8 mm Mini-S\u00fc\u00dfwasserzuchtperlen in Bl\u00fctenform"},"content":{"rendered":"","protected":false},"excerpt":{"rendered":"<p>Natural freshwater petal-shaped pearls in white, measuring approximately 5-6mm in size. The strand is about 38-39cm long, with side drilling. The surface is relatively smooth and features a high gloss finish. Please note that the size of each shaped pearl may vary.<\/p>","protected":false},"featured_media":16233,"comment_status":"open","ping_status":"closed","template":"","meta":[],"product_brand":[],"product_cat":[55],"product_tag":[91,82,85],"class_list":{"0":"post-16238","1":"product","2":"type-product","3":"status-publish","4":"has-post-thumbnail","6":"product_cat-keshi-pearls-wholesale","7":"product_tag-full-drilled-pearls","8":"product_tag-medium-freshwater-pearls-wholesale","9":"product_tag-bulk-string-pearls","10":"pa_color-white-pearls","11":"pa_shape-petal-pearls","13":"first","14":"instock","15":"taxable","16":"shipping-taxable","17":"purchasable","18":"product-type-simple"},"tiered_pricing_type":"fixed","tiered_pricing_fixed_rules":[],"tiered_pricing_product_settings":{"layout":"default","base_unit_name":{"singular":null,"plural":null},"default_variation":null},"tiered_pricing_minimum_quantity":null,"tiered_pricing_roles_data":[],"tiered_pricing_percentage_rules":[],"tiered_pricing_maximum_quantity":null,"tiered_pricing_quantity_step":null,"_links":{"self":[{"href":"https:\/\/gretapearls.com\/de\/wp-json\/wp\/v2\/product\/16238","targetHints":{"allow":["GET"]}}],"collection":[{"href":"https:\/\/gretapearls.com\/de\/wp-json\/wp\/v2\/product"}],"about":[{"href":"https:\/\/gretapearls.com\/de\/wp-json\/wp\/v2\/types\/product"}],"replies":[{"embeddable":true,"href":"https:\/\/gretapearls.com\/de\/wp-json\/wp\/v2\/comments?post=16238"}],"wp:featuredmedia":[{"embeddable":true,"href":"https:\/\/gretapearls.com\/de\/wp-json\/wp\/v2\/media\/16233"}],"wp:attachment":[{"href":"https:\/\/gretapearls.com\/de\/wp-json\/wp\/v2\/media?parent=16238"}],"wp:term":[{"taxonomy":"product_brand","embeddable":true,"href":"https:\/\/gretapearls.com\/de\/wp-json\/wp\/v2\/product_brand?post=16238"},{"taxonomy":"product_cat","embeddable":true,"href":"https:\/\/gretapearls.com\/de\/wp-json\/wp\/v2\/product_cat?post=16238"},{"taxonomy":"product_tag","embeddable":true,"href":"https:\/\/gretapearls.com\/de\/wp-json\/wp\/v2\/product_tag?post=16238"}],"curies":[{"name":"wp","href":"https:\/\/api.w.org\/{rel}","templated":true}]}}