{"id":14675,"date":"2024-09-01T05:33:39","date_gmt":"2024-09-01T05:33:39","guid":{"rendered":"https:\/\/gretapearls.com\/?post_type=product&#038;p=14675"},"modified":"2026-02-07T13:39:20","modified_gmt":"2026-02-07T18:39:20","slug":"goldenes-armband-mit-unregelmasigen-suswasserzuchtperlen","status":"publish","type":"product","link":"https:\/\/gretapearls.com\/de\/shop\/gold-irregular-cultured-freshwater-pearl-bracelet\/","title":{"rendered":"Goldenes Armband mit unregelm\u00e4\u00dfigen S\u00fc\u00dfwasserzuchtperlen"},"content":{"rendered":"","protected":false},"excerpt":{"rendered":"<p>This elegant bracelet combines small and medium-sized irregular freshwater pearls with a gold bead and clasp. The refined, minimalist design is perfect for formal events or casual daywear, making it a versatile choice for retailers looking to offer timeless, sophisticated accessories. (Character count: 245)<\/p>","protected":false},"featured_media":14669,"comment_status":"open","ping_status":"closed","template":"","meta":[],"product_brand":[],"product_cat":[104,103],"product_tag":[],"class_list":{"0":"post-14675","1":"product","2":"type-product","3":"status-publish","4":"has-post-thumbnail","6":"product_cat-wholesale-pearl-beaded-bracelet","7":"product_cat-bulk-pearl-bracelets","9":"first","10":"instock","11":"taxable","12":"shipping-taxable","13":"purchasable","14":"product-type-simple"},"tiered_pricing_type":"fixed","tiered_pricing_fixed_rules":[],"tiered_pricing_product_settings":{"layout":"default","base_unit_name":{"singular":null,"plural":null},"default_variation":null},"tiered_pricing_minimum_quantity":null,"tiered_pricing_roles_data":[],"tiered_pricing_percentage_rules":[],"tiered_pricing_maximum_quantity":null,"tiered_pricing_quantity_step":null,"_links":{"self":[{"href":"https:\/\/gretapearls.com\/de\/wp-json\/wp\/v2\/product\/14675","targetHints":{"allow":["GET"]}}],"collection":[{"href":"https:\/\/gretapearls.com\/de\/wp-json\/wp\/v2\/product"}],"about":[{"href":"https:\/\/gretapearls.com\/de\/wp-json\/wp\/v2\/types\/product"}],"replies":[{"embeddable":true,"href":"https:\/\/gretapearls.com\/de\/wp-json\/wp\/v2\/comments?post=14675"}],"wp:featuredmedia":[{"embeddable":true,"href":"https:\/\/gretapearls.com\/de\/wp-json\/wp\/v2\/media\/14669"}],"wp:attachment":[{"href":"https:\/\/gretapearls.com\/de\/wp-json\/wp\/v2\/media?parent=14675"}],"wp:term":[{"taxonomy":"product_brand","embeddable":true,"href":"https:\/\/gretapearls.com\/de\/wp-json\/wp\/v2\/product_brand?post=14675"},{"taxonomy":"product_cat","embeddable":true,"href":"https:\/\/gretapearls.com\/de\/wp-json\/wp\/v2\/product_cat?post=14675"},{"taxonomy":"product_tag","embeddable":true,"href":"https:\/\/gretapearls.com\/de\/wp-json\/wp\/v2\/product_tag?post=14675"}],"curies":[{"name":"wp","href":"https:\/\/api.w.org\/{rel}","templated":true}]}}