{"id":14571,"date":"2024-09-01T05:16:11","date_gmt":"2024-09-01T05:16:11","guid":{"rendered":"https:\/\/gretapearls.com\/?post_type=product&#038;p=14571"},"modified":"2026-02-07T13:39:18","modified_gmt":"2026-02-07T18:39:18","slug":"suswasserperlenring-mit-katzchenkopf","status":"publish","type":"product","link":"https:\/\/gretapearls.com\/de\/shop\/freshwater-pearl-ring-with-kitten-head\/","title":{"rendered":"S\u00fc\u00dfwasserperlenring mit K\u00e4tzchenkopf"},"content":{"rendered":"","protected":false},"excerpt":{"rendered":"<p>This playful ring features a string of freshwater pearls with a kitten head and 14K gold-filled beads. The whimsical yet elegant design is perfect for adding a touch of charm to casual outfits, making it a delightful addition to any jewelry collection.<\/p>","protected":false},"featured_media":14566,"comment_status":"open","ping_status":"closed","template":"","meta":[],"product_brand":[],"product_cat":[110,107],"product_tag":[],"class_list":{"0":"post-14571","1":"product","2":"type-product","3":"status-publish","4":"has-post-thumbnail","6":"product_cat-wholesale-beaded-pearl-ring","7":"product_cat-wholesale-pearl-ring","9":"first","10":"instock","11":"taxable","12":"shipping-taxable","13":"purchasable","14":"product-type-simple"},"tiered_pricing_type":"fixed","tiered_pricing_fixed_rules":[],"tiered_pricing_product_settings":{"layout":"default","base_unit_name":{"singular":null,"plural":null},"default_variation":null},"tiered_pricing_minimum_quantity":null,"tiered_pricing_roles_data":[],"tiered_pricing_percentage_rules":[],"tiered_pricing_maximum_quantity":null,"tiered_pricing_quantity_step":null,"_links":{"self":[{"href":"https:\/\/gretapearls.com\/de\/wp-json\/wp\/v2\/product\/14571","targetHints":{"allow":["GET"]}}],"collection":[{"href":"https:\/\/gretapearls.com\/de\/wp-json\/wp\/v2\/product"}],"about":[{"href":"https:\/\/gretapearls.com\/de\/wp-json\/wp\/v2\/types\/product"}],"replies":[{"embeddable":true,"href":"https:\/\/gretapearls.com\/de\/wp-json\/wp\/v2\/comments?post=14571"}],"wp:featuredmedia":[{"embeddable":true,"href":"https:\/\/gretapearls.com\/de\/wp-json\/wp\/v2\/media\/14566"}],"wp:attachment":[{"href":"https:\/\/gretapearls.com\/de\/wp-json\/wp\/v2\/media?parent=14571"}],"wp:term":[{"taxonomy":"product_brand","embeddable":true,"href":"https:\/\/gretapearls.com\/de\/wp-json\/wp\/v2\/product_brand?post=14571"},{"taxonomy":"product_cat","embeddable":true,"href":"https:\/\/gretapearls.com\/de\/wp-json\/wp\/v2\/product_cat?post=14571"},{"taxonomy":"product_tag","embeddable":true,"href":"https:\/\/gretapearls.com\/de\/wp-json\/wp\/v2\/product_tag?post=14571"}],"curies":[{"name":"wp","href":"https:\/\/api.w.org\/{rel}","templated":true}]}}