{"id":14297,"date":"2024-08-31T08:52:35","date_gmt":"2024-08-31T12:52:35","guid":{"rendered":"https:\/\/gretapearls.com\/?post_type=product&#038;p=14297"},"modified":"2025-12-06T12:56:16","modified_gmt":"2025-12-06T17:56:16","slug":"14-karatig-vergoldeter-und-versilberter-weicher-kupferformdraht","status":"publish","type":"product","link":"https:\/\/gretapearls.com\/de\/shop\/14k-gold-and-silver-coated-soft-copper-molding-wire\/","title":{"rendered":"Weichkupfer-Formdraht, 14 Karat Gold und Silber beschichtet"},"content":{"rendered":"","protected":false},"excerpt":{"rendered":"<p>Dieser weiche Kupferdraht mit 14-kar\u00e4tiger Gold- und Silberbeschichtung bietet eine gl\u00e4nzende Oberfl\u00e4che und ist \u00e4u\u00dferst formbar f\u00fcr filigrane Schmuckanfertigungen. Ideal f\u00fcr die Herstellung von individuellen Ringen, Halsketten, Armb\u00e4ndern und anderen detailreichen Drahtaccessoires f\u00fcr sowohl l\u00e4ssige als auch elegante Designs.<\/p>","protected":false},"featured_media":14292,"comment_status":"open","ping_status":"closed","template":"","meta":[],"product_brand":[],"product_cat":[117],"product_tag":[],"class_list":{"0":"post-14297","1":"product","2":"type-product","3":"status-publish","4":"has-post-thumbnail","6":"product_cat-jewelry-making-tools-wholesale","8":"first","9":"instock","10":"taxable","11":"shipping-taxable","12":"purchasable","13":"product-type-variable"},"tiered_pricing_type":"fixed","tiered_pricing_fixed_rules":[],"tiered_pricing_product_settings":{"layout":"default","base_unit_name":{"singular":null,"plural":null},"default_variation":null},"tiered_pricing_minimum_quantity":null,"tiered_pricing_roles_data":[],"tiered_pricing_percentage_rules":[],"tiered_pricing_maximum_quantity":null,"tiered_pricing_quantity_step":null,"_links":{"self":[{"href":"https:\/\/gretapearls.com\/de\/wp-json\/wp\/v2\/product\/14297","targetHints":{"allow":["GET"]}}],"collection":[{"href":"https:\/\/gretapearls.com\/de\/wp-json\/wp\/v2\/product"}],"about":[{"href":"https:\/\/gretapearls.com\/de\/wp-json\/wp\/v2\/types\/product"}],"replies":[{"embeddable":true,"href":"https:\/\/gretapearls.com\/de\/wp-json\/wp\/v2\/comments?post=14297"}],"wp:featuredmedia":[{"embeddable":true,"href":"https:\/\/gretapearls.com\/de\/wp-json\/wp\/v2\/media\/14292"}],"wp:attachment":[{"href":"https:\/\/gretapearls.com\/de\/wp-json\/wp\/v2\/media?parent=14297"}],"wp:term":[{"taxonomy":"product_brand","embeddable":true,"href":"https:\/\/gretapearls.com\/de\/wp-json\/wp\/v2\/product_brand?post=14297"},{"taxonomy":"product_cat","embeddable":true,"href":"https:\/\/gretapearls.com\/de\/wp-json\/wp\/v2\/product_cat?post=14297"},{"taxonomy":"product_tag","embeddable":true,"href":"https:\/\/gretapearls.com\/de\/wp-json\/wp\/v2\/product_tag?post=14297"}],"curies":[{"name":"wp","href":"https:\/\/api.w.org\/{rel}","templated":true}]}}