{"id":14033,"date":"2024-08-31T07:56:52","date_gmt":"2024-08-31T11:56:52","guid":{"rendered":"https:\/\/gretapearls.com\/?post_type=product&#038;p=14033"},"modified":"2026-02-07T13:26:44","modified_gmt":"2026-02-07T18:26:44","slug":"925er-sterlingsilber-verlangerungskette-mit-runder-platte","status":"publish","type":"product","link":"https:\/\/gretapearls.com\/de\/shop\/925-sterling-silver-round-plate-extension-chain\/","title":{"rendered":"Runde Verl\u00e4ngerungskette aus 925er Sterlingsilber"},"content":{"rendered":"","protected":false},"excerpt":{"rendered":"<p>Diese Verl\u00e4ngerungsketten aus 925er Sterlingsilber bestechen durch ihr schlichtes, rundes Platten-Design und sind in Silber, Gold und Ros\u00e9gold erh\u00e4ltlich. Sie eignen sich perfekt zum Anpassen der L\u00e4nge von Armb\u00e4ndern, Halsketten und Fu\u00dfkettchen und erg\u00e4nzen eine Vielzahl von Schmuckstilen mit einer minimalistischen und eleganten Note.<\/p>","protected":false},"featured_media":14028,"comment_status":"open","ping_status":"closed","template":"","meta":[],"product_brand":[],"product_cat":[115],"product_tag":[],"class_list":{"0":"post-14033","1":"product","2":"type-product","3":"status-publish","4":"has-post-thumbnail","6":"product_cat-permanent-jewelry-chains-wholesale","8":"first","9":"instock","10":"taxable","11":"shipping-taxable","12":"purchasable","13":"product-type-variable"},"tiered_pricing_type":"fixed","tiered_pricing_fixed_rules":[],"tiered_pricing_product_settings":{"layout":"default","base_unit_name":{"singular":null,"plural":null},"default_variation":null},"tiered_pricing_minimum_quantity":null,"tiered_pricing_roles_data":[],"tiered_pricing_percentage_rules":[],"tiered_pricing_maximum_quantity":null,"tiered_pricing_quantity_step":null,"_links":{"self":[{"href":"https:\/\/gretapearls.com\/de\/wp-json\/wp\/v2\/product\/14033","targetHints":{"allow":["GET"]}}],"collection":[{"href":"https:\/\/gretapearls.com\/de\/wp-json\/wp\/v2\/product"}],"about":[{"href":"https:\/\/gretapearls.com\/de\/wp-json\/wp\/v2\/types\/product"}],"replies":[{"embeddable":true,"href":"https:\/\/gretapearls.com\/de\/wp-json\/wp\/v2\/comments?post=14033"}],"wp:featuredmedia":[{"embeddable":true,"href":"https:\/\/gretapearls.com\/de\/wp-json\/wp\/v2\/media\/14028"}],"wp:attachment":[{"href":"https:\/\/gretapearls.com\/de\/wp-json\/wp\/v2\/media?parent=14033"}],"wp:term":[{"taxonomy":"product_brand","embeddable":true,"href":"https:\/\/gretapearls.com\/de\/wp-json\/wp\/v2\/product_brand?post=14033"},{"taxonomy":"product_cat","embeddable":true,"href":"https:\/\/gretapearls.com\/de\/wp-json\/wp\/v2\/product_cat?post=14033"},{"taxonomy":"product_tag","embeddable":true,"href":"https:\/\/gretapearls.com\/de\/wp-json\/wp\/v2\/product_tag?post=14033"}],"curies":[{"name":"wp","href":"https:\/\/api.w.org\/{rel}","templated":true}]}}