{"id":13148,"date":"2024-08-30T10:18:06","date_gmt":"2024-08-30T14:18:06","guid":{"rendered":"https:\/\/gretapearls.com\/?post_type=product&#038;p=13148"},"modified":"2026-02-07T13:26:17","modified_gmt":"2026-02-07T18:26:17","slug":"rundverschluss-aus-925er-sterlingsilber-mit-zirkonia","status":"publish","type":"product","link":"https:\/\/gretapearls.com\/de\/shop\/s925-sterling-silver-zircon-round-clasp\/","title":{"rendered":"Rundverschluss aus 925er Sterlingsilber mit Zirkonia"},"content":{"rendered":"","protected":false},"excerpt":{"rendered":"<p>Dieser runde Verschluss aus 925er Sterlingsilber besticht durch funkelnde Zirkonia-Verzierungen und verleiht jedem Schmuckst\u00fcck eine elegante und zeitlose Note. Er eignet sich f\u00fcr Halsketten, Armb\u00e4nder und Fu\u00dfkettchen und harmoniert perfekt mit klassischen, minimalistischen und modernen Schmuckdesigns.<\/p>","protected":false},"featured_media":13143,"comment_status":"open","ping_status":"closed","template":"","meta":[],"product_brand":[],"product_cat":[114],"product_tag":[],"class_list":{"0":"post-13148","1":"product","2":"type-product","3":"status-publish","4":"has-post-thumbnail","6":"product_cat-wholesale-jewelry-clasps","8":"first","9":"instock","10":"taxable","11":"shipping-taxable","12":"purchasable","13":"product-type-variable"},"tiered_pricing_type":"fixed","tiered_pricing_fixed_rules":[],"tiered_pricing_product_settings":{"layout":"default","base_unit_name":{"singular":null,"plural":null},"default_variation":null},"tiered_pricing_minimum_quantity":null,"tiered_pricing_roles_data":[],"tiered_pricing_percentage_rules":[],"tiered_pricing_maximum_quantity":null,"tiered_pricing_quantity_step":null,"_links":{"self":[{"href":"https:\/\/gretapearls.com\/de\/wp-json\/wp\/v2\/product\/13148","targetHints":{"allow":["GET"]}}],"collection":[{"href":"https:\/\/gretapearls.com\/de\/wp-json\/wp\/v2\/product"}],"about":[{"href":"https:\/\/gretapearls.com\/de\/wp-json\/wp\/v2\/types\/product"}],"replies":[{"embeddable":true,"href":"https:\/\/gretapearls.com\/de\/wp-json\/wp\/v2\/comments?post=13148"}],"wp:featuredmedia":[{"embeddable":true,"href":"https:\/\/gretapearls.com\/de\/wp-json\/wp\/v2\/media\/13143"}],"wp:attachment":[{"href":"https:\/\/gretapearls.com\/de\/wp-json\/wp\/v2\/media?parent=13148"}],"wp:term":[{"taxonomy":"product_brand","embeddable":true,"href":"https:\/\/gretapearls.com\/de\/wp-json\/wp\/v2\/product_brand?post=13148"},{"taxonomy":"product_cat","embeddable":true,"href":"https:\/\/gretapearls.com\/de\/wp-json\/wp\/v2\/product_cat?post=13148"},{"taxonomy":"product_tag","embeddable":true,"href":"https:\/\/gretapearls.com\/de\/wp-json\/wp\/v2\/product_tag?post=13148"}],"curies":[{"name":"wp","href":"https:\/\/api.w.org\/{rel}","templated":true}]}}