{"id":12369,"date":"2024-08-30T02:39:32","date_gmt":"2024-08-30T06:39:32","guid":{"rendered":"https:\/\/gretapearls.com\/?post_type=product&#038;p=12369"},"modified":"2026-02-07T13:26:03","modified_gmt":"2026-02-07T18:26:03","slug":"hohle-sternzeichen-abstandshalterperlen-aus-925er-sterlingsilber","status":"publish","type":"product","link":"https:\/\/gretapearls.com\/de\/shop\/s925-sterling-silver-hollow-zodiac-spacer-beads\/","title":{"rendered":"Hohle Sternzeichen-Abstandsperlen aus 925er Sterlingsilber"},"content":{"rendered":"","protected":false},"excerpt":{"rendered":"<p>Die hohle Sternzeichen-Zwischenperle aus 925er Sterlingsilber besticht durch ihr charmantes und filigranes Design, inspiriert von den Tierkreiszeichen, mit aufwendigen Details und einer polierten Oberfl\u00e4che. Sie eignet sich perfekt f\u00fcr Armb\u00e4nder, Halsketten oder Schmuckkollektionen und verleiht Schmuckkreationen eine pers\u00f6nliche und stilvolle Note \u2013 ideal f\u00fcr Astrologie-Fans und alle, die nach einzigartigen Accessoires suchen.<\/p>","protected":false},"featured_media":12364,"comment_status":"open","ping_status":"closed","template":"","meta":[],"product_brand":[],"product_cat":[113],"product_tag":[],"class_list":{"0":"post-12369","1":"product","2":"type-product","3":"status-publish","4":"has-post-thumbnail","6":"product_cat-wholesale-spacer-beads","8":"first","9":"instock","10":"taxable","11":"shipping-taxable","12":"purchasable","13":"product-type-variable"},"tiered_pricing_type":"fixed","tiered_pricing_fixed_rules":[],"tiered_pricing_product_settings":{"layout":"default","base_unit_name":{"singular":null,"plural":null},"default_variation":null},"tiered_pricing_minimum_quantity":null,"tiered_pricing_roles_data":[],"tiered_pricing_percentage_rules":[],"tiered_pricing_maximum_quantity":null,"tiered_pricing_quantity_step":null,"_links":{"self":[{"href":"https:\/\/gretapearls.com\/de\/wp-json\/wp\/v2\/product\/12369","targetHints":{"allow":["GET"]}}],"collection":[{"href":"https:\/\/gretapearls.com\/de\/wp-json\/wp\/v2\/product"}],"about":[{"href":"https:\/\/gretapearls.com\/de\/wp-json\/wp\/v2\/types\/product"}],"replies":[{"embeddable":true,"href":"https:\/\/gretapearls.com\/de\/wp-json\/wp\/v2\/comments?post=12369"}],"wp:featuredmedia":[{"embeddable":true,"href":"https:\/\/gretapearls.com\/de\/wp-json\/wp\/v2\/media\/12364"}],"wp:attachment":[{"href":"https:\/\/gretapearls.com\/de\/wp-json\/wp\/v2\/media?parent=12369"}],"wp:term":[{"taxonomy":"product_brand","embeddable":true,"href":"https:\/\/gretapearls.com\/de\/wp-json\/wp\/v2\/product_brand?post=12369"},{"taxonomy":"product_cat","embeddable":true,"href":"https:\/\/gretapearls.com\/de\/wp-json\/wp\/v2\/product_cat?post=12369"},{"taxonomy":"product_tag","embeddable":true,"href":"https:\/\/gretapearls.com\/de\/wp-json\/wp\/v2\/product_tag?post=12369"}],"curies":[{"name":"wp","href":"https:\/\/api.w.org\/{rel}","templated":true}]}}